{"id":1900,"date":"2023-08-03T04:57:56","date_gmt":"2023-08-03T04:57:56","guid":{"rendered":"https:\/\/dumoseguridad.com\/?page_id=1900"},"modified":"2026-05-14T12:04:13","modified_gmt":"2026-05-14T12:04:13","slug":"restaurant-security","status":"publish","type":"page","link":"https:\/\/dumoseguridad.com\/en\/restaurant-security\/","title":{"rendered":"Security Restaurants"},"content":{"rendered":"<div data-elementor-type=\"wp-page\" data-elementor-id=\"1900\" class=\"elementor elementor-1900\" data-elementor-post-type=\"page\">\n\t\t\t\t\t\t<section class=\"elementor-section elementor-top-section elementor-element elementor-element-31f8157d elementor-section-height-min-height elementor-section-boxed elementor-section-height-default elementor-section-items-middle\" data-id=\"31f8157d\" data-element_type=\"section\" data-e-type=\"section\" data-settings=\"{&quot;background_background&quot;:&quot;classic&quot;}\">\n\t\t\t\t\t\t\t<div class=\"elementor-background-overlay\"><\/div>\n\t\t\t\t\t\t\t<div class=\"elementor-container elementor-column-gap-default\">\n\t\t\t\t\t<div class=\"elementor-column elementor-col-33 elementor-top-column elementor-element elementor-element-811af3a\" data-id=\"811af3a\" data-element_type=\"column\" data-e-type=\"column\" data-settings=\"{&quot;background_background&quot;:&quot;classic&quot;}\">\n\t\t\t<div class=\"elementor-widget-wrap elementor-element-populated\">\n\t\t\t\t\t\t<div class=\"elementor-element elementor-element-2fd0da7d elementor-widget elementor-widget-heading\" data-id=\"2fd0da7d\" data-element_type=\"widget\" data-e-type=\"widget\" data-widget_type=\"heading.default\">\n\t\t\t\t\t<h2 class=\"elementor-heading-title elementor-size-default\">SECURITY <br> RESTAURANTS<\/h2>\t\t\t\t<\/div>\n\t\t\t\t<div class=\"elementor-element elementor-element-8f4f801 elementor-widget elementor-widget-text-editor\" data-id=\"8f4f801\" data-element_type=\"widget\" data-e-type=\"widget\" data-widget_type=\"text-editor.default\">\n\t\t\t\t\t\t\t\t\t<p>Security in your restaurant is very important, not only when you close doors, but also on a day-to-day basis.<\/p>\t\t\t\t\t\t\t\t<\/div>\n\t\t\t\t<div class=\"elementor-element elementor-element-6cca731c elementor-widget__width-auto elementor-mobile-align-justify elementor-widget-mobile__width-inherit elementor-align-left elementor-widget elementor-widget-button\" data-id=\"6cca731c\" data-element_type=\"widget\" data-e-type=\"widget\" data-widget_type=\"button.default\">\n\t\t\t\t\t\t\t\t\t\t<a class=\"elementor-button elementor-button-link elementor-size-md elementor-animation-grow\" href=\"https:\/\/dumoseguridad.com\/en\/contact\/\">\n\t\t\t\t\t\t<span class=\"elementor-button-content-wrapper\">\n\t\t\t\t\t\t<span class=\"elementor-button-icon\">\n\t\t\t\t<svg aria-hidden=\"true\" class=\"e-font-icon-svg e-fas-lock\" viewbox=\"0 0 448 512\" xmlns=\"http:\/\/www.w3.org\/2000\/svg\"><path d=\"M400 224h-24v-72C376 68.2 307.8 0 224 0S72 68.2 72 152v72H48c-26.5 0-48 21.5-48 48v192c0 26.5 21.5 48 48 48h352c26.5 0 48-21.5 48-48V272c0-26.5-21.5-48-48-48zm-104 0H152v-72c0-39.7 32.3-72 72-72s72 32.3 72 72v72z\"><\/path><\/svg>\t\t\t<\/span>\n\t\t\t\t\t\t\t\t\t<span class=\"elementor-button-text\">Request a quote<\/span>\n\t\t\t\t\t<\/span>\n\t\t\t\t\t<\/a>\n\t\t\t\t\t\t\t\t<\/div>\n\t\t\t\t\t<\/div>\n\t\t<\/div>\n\t\t\t\t<div class=\"elementor-column elementor-col-66 elementor-top-column elementor-element elementor-element-186a849e\" data-id=\"186a849e\" data-element_type=\"column\" data-e-type=\"column\">\n\t\t\t<div class=\"elementor-widget-wrap\">\n\t\t\t\t\t\t\t<\/div>\n\t\t<\/div>\n\t\t\t\t\t<\/div>\n\t\t<\/section>\n\t\t\t\t<section class=\"elementor-section elementor-top-section elementor-element elementor-element-5ed63dd7 elementor-section-content-middle elementor-section-boxed elementor-section-height-default elementor-section-height-default\" data-id=\"5ed63dd7\" data-element_type=\"section\" data-e-type=\"section\" data-settings=\"{&quot;background_background&quot;:&quot;classic&quot;}\">\n\t\t\t\t\t\t\t<div class=\"elementor-background-overlay\"><\/div>\n\t\t\t\t\t\t\t<div class=\"elementor-container elementor-column-gap-wide\">\n\t\t\t\t\t<div class=\"elementor-column elementor-col-100 elementor-top-column elementor-element elementor-element-23a56925\" data-id=\"23a56925\" data-element_type=\"column\" data-e-type=\"column\">\n\t\t\t<div class=\"elementor-widget-wrap elementor-element-populated\">\n\t\t\t\t\t\t<div class=\"elementor-element elementor-element-6e047b15 elementor-invisible elementor-widget elementor-widget-heading\" data-id=\"6e047b15\" data-element_type=\"widget\" data-e-type=\"widget\" data-settings=\"{&quot;_animation&quot;:&quot;fadeInUp&quot;}\" data-widget_type=\"heading.default\">\n\t\t\t\t\t<h2 class=\"elementor-heading-title elementor-size-default\">We protect your restaurant while you are resting<\/h2>\t\t\t\t<\/div>\n\t\t\t\t<div class=\"elementor-element elementor-element-2d6007d1 elementor-widget elementor-widget-text-editor\" data-id=\"2d6007d1\" data-element_type=\"widget\" data-e-type=\"widget\" data-widget_type=\"text-editor.default\">\n\t\t\t\t\t\t\t\t\t<p class=\"MsoNormal\"><span style=\"font-size: 13pt; line-height: 107%; font-family: Arial, sans-serif; background-image: initial; background-position: initial; background-size: initial; background-repeat: initial; background-attachment: initial; background-origin: initial; background-clip: initial;\">Our hybrid and wired security systems provide an extra degree of security against burglary attempts while the supermarket is closed. Thanks to the two-way communication (IP+GPRS) we ensure that communications are operational at all times.<\/span><\/p>\t\t\t\t\t\t\t\t<\/div>\n\t\t\t\t<div class=\"elementor-element elementor-element-6bda342d elementor-invisible elementor-widget elementor-widget-heading\" data-id=\"6bda342d\" data-element_type=\"widget\" data-e-type=\"widget\" data-settings=\"{&quot;_animation&quot;:&quot;fadeInUp&quot;}\" data-widget_type=\"heading.default\">\n\t\t\t\t\t<h3 class=\"elementor-heading-title elementor-size-default\">Video surveillance cameras and CCTV in restaurants<\/h3>\t\t\t\t<\/div>\n\t\t\t\t<div class=\"elementor-element elementor-element-614ffd60 elementor-widget elementor-widget-text-editor\" data-id=\"614ffd60\" data-element_type=\"widget\" data-e-type=\"widget\" data-widget_type=\"text-editor.default\">\n\t\t\t\t\t\t\t\t\t<div class=\"wpb_text_column wpb_content_element\"><div class=\"wpb_wrapper\"><div class=\"col-12\"><p>The importance of having a video surveillance system in a restaurant cannot be underestimated in the modern era. This system offers multiple benefits that go beyond simple security. Firstly, it provides a safer environment for customers and staff, deterring criminal behaviour and providing crucial evidence in case of incidents. In addition, video surveillance is essential for maintaining hygiene standards and complying with food safety regulations, as it allows real-time monitoring of food preparation and service areas.<\/p><p>In addition to security, a video surveillance system can improve operational efficiency. Managers can monitor staff performance and evaluate the quality of service, contributing to better management and a more satisfying customer experience. Ultimately, investing in video surveillance not only protects your restaurant, but also contributes to its success through improved security, efficiency and service quality.<\/p><\/div><\/div><\/div>\t\t\t\t\t\t\t\t<\/div>\n\t\t\t\t\t<\/div>\n\t\t<\/div>\n\t\t\t\t\t<\/div>\n\t\t<\/section>\n\t\t\t\t<section class=\"elementor-section elementor-top-section elementor-element elementor-element-14b0162 elementor-section-boxed elementor-section-height-default elementor-section-height-default\" data-id=\"14b0162\" data-element_type=\"section\" data-e-type=\"section\" data-settings=\"{&quot;background_background&quot;:&quot;classic&quot;}\">\n\t\t\t\t\t\t\t<div class=\"elementor-background-overlay\"><\/div>\n\t\t\t\t\t\t\t<div class=\"elementor-container elementor-column-gap-default\">\n\t\t\t\t\t<div class=\"elementor-column elementor-col-66 elementor-top-column elementor-element elementor-element-84bcf3f\" data-id=\"84bcf3f\" data-element_type=\"column\" data-e-type=\"column\">\n\t\t\t<div class=\"elementor-widget-wrap elementor-element-populated\">\n\t\t\t\t\t\t<div class=\"elementor-element elementor-element-40bf9da elementor-invisible elementor-widget elementor-widget-heading\" data-id=\"40bf9da\" data-element_type=\"widget\" data-e-type=\"widget\" data-settings=\"{&quot;_animation&quot;:&quot;fadeInUp&quot;}\" data-widget_type=\"heading.default\">\n\t\t\t\t\t<h2 class=\"elementor-heading-title elementor-size-default\">Security solutions<\/h2>\t\t\t\t<\/div>\n\t\t\t\t<div class=\"elementor-element elementor-element-253899c elementor-invisible elementor-widget elementor-widget-heading\" data-id=\"253899c\" data-element_type=\"widget\" data-e-type=\"widget\" data-settings=\"{&quot;_animation&quot;:&quot;fadeInUp&quot;}\" data-widget_type=\"heading.default\">\n\t\t\t\t\t<h2 class=\"elementor-heading-title elementor-size-default\">Do you need a complete security solution?<\/h2>\t\t\t\t<\/div>\n\t\t\t\t<div class=\"elementor-element elementor-element-79256a3 elementor-invisible elementor-widget elementor-widget-heading\" data-id=\"79256a3\" data-element_type=\"widget\" data-e-type=\"widget\" data-settings=\"{&quot;_animation&quot;:&quot;fadeInUp&quot;}\" data-widget_type=\"heading.default\">\n\t\t\t\t\t<h2 class=\"elementor-heading-title elementor-size-default\">Boost your peace of mind this year with a more comprehensive alarm<\/h2>\t\t\t\t<\/div>\n\t\t\t\t\t<\/div>\n\t\t<\/div>\n\t\t\t\t<div class=\"elementor-column elementor-col-33 elementor-top-column elementor-element elementor-element-f073435\" data-id=\"f073435\" data-element_type=\"column\" data-e-type=\"column\" data-settings=\"{&quot;background_background&quot;:&quot;classic&quot;}\">\n\t\t\t<div class=\"elementor-widget-wrap elementor-element-populated\">\n\t\t\t\t\t\t<div class=\"elementor-element elementor-element-80137a1 elementor-widget elementor-widget-heading\" data-id=\"80137a1\" data-element_type=\"widget\" data-e-type=\"widget\" data-widget_type=\"heading.default\">\n\t\t\t\t\t<h2 class=\"elementor-heading-title elementor-size-default\">Request your offer<br>931 272602<\/h2>\t\t\t\t<\/div>\n\t\t\t\t<div class=\"elementor-element elementor-element-9db571d elementor-widget-divider--view-line elementor-widget elementor-widget-divider\" data-id=\"9db571d\" data-element_type=\"widget\" data-e-type=\"widget\" data-widget_type=\"divider.default\">\n\t\t\t\t\t\t\t<div class=\"elementor-divider\">\n\t\t\t<span class=\"elementor-divider-separator\">\n\t\t\t\t\t\t<\/span>\n\t\t<\/div>\n\t\t\t\t\t\t<\/div>\n\t\t\t\t<div class=\"elementor-element elementor-element-85ba833 elementor-widget elementor-widget-heading\" data-id=\"85ba833\" data-element_type=\"widget\" data-e-type=\"widget\" data-widget_type=\"heading.default\">\n\t\t\t\t\t<h2 class=\"elementor-heading-title elementor-size-default\">Or we call you now:<\/h2>\t\t\t\t<\/div>\n\t\t\t\t<div class=\"elementor-element elementor-element-ab8feb6 elementor-widget elementor-widget-shortcode\" data-id=\"ab8feb6\" data-element_type=\"widget\" data-e-type=\"widget\" data-widget_type=\"shortcode.default\">\n\t\t\t\t\t\t\t<div class=\"elementor-shortcode\"><iframe\n  src=\"https:\/\/api.leadconnectorhq.com\/widget\/form\/I3If4qcFrMKr0Crp3Mqv\"\n  style=\"width:100%;height:100%;border:none;border-radius:3px\"\n  id=\"inline-I3If4qcFrMKr0Crp3Mqv\" \n  data-layout=\"{'id':'INLINE'}\"\n  data-trigger-type=\"alwaysShow\"\n  data-trigger-value=\"\"\n  data-activation-type=\"alwaysActivated\"\n  data-activation-value=\"\"\n  data-deactivation-type=\"neverDeactivate\"\n  data-deactivation-value=\"\"\n  data-form-name=\"Te llemamos ahora\"\n  data-height=\"432\"\n  data-layout-iframe-id=\"inline-I3If4qcFrMKr0Crp3Mqv\"\n  data-form-id=\"I3If4qcFrMKr0Crp3Mqv\"\n  title=\"We&#039;ll get back to you now\"\n      >\n<\/iframe>\n<script src=\"https:\/\/link.msgsndr.com\/js\/form_embed.js\"><\/script><\/div>\n\t\t\t\t\t\t<\/div>\n\t\t\t\t\t<\/div>\n\t\t<\/div>\n\t\t\t\t\t<\/div>\n\t\t<\/section>\n\t\t\t\t<section class=\"elementor-section elementor-top-section elementor-element elementor-element-51218fb9 elementor-section-boxed elementor-section-height-default elementor-section-height-default\" data-id=\"51218fb9\" data-element_type=\"section\" data-e-type=\"section\">\n\t\t\t\t\t\t<div class=\"elementor-container elementor-column-gap-default\">\n\t\t\t\t\t<div class=\"elementor-column elementor-col-25 elementor-top-column elementor-element elementor-element-9c05b93\" data-id=\"9c05b93\" data-element_type=\"column\" data-e-type=\"column\">\n\t\t\t<div class=\"elementor-widget-wrap elementor-element-populated\">\n\t\t\t\t\t\t<div class=\"elementor-element elementor-element-7f63a7c2 elementor-view-default elementor-position-block-start elementor-mobile-position-block-start elementor-widget elementor-widget-icon-box\" data-id=\"7f63a7c2\" data-element_type=\"widget\" data-e-type=\"widget\" data-widget_type=\"icon-box.default\">\n\t\t\t\t\t\t\t<div class=\"elementor-icon-box-wrapper\">\n\n\t\t\t\t\t\t<div class=\"elementor-icon-box-icon\">\n\t\t\t\t<span  class=\"elementor-icon\">\n\t\t\t\t<svg aria-hidden=\"true\" class=\"e-font-icon-svg e-fas-microchip\" viewbox=\"0 0 512 512\" xmlns=\"http:\/\/www.w3.org\/2000\/svg\"><path d=\"M416 48v416c0 26.51-21.49 48-48 48H144c-26.51 0-48-21.49-48-48V48c0-26.51 21.49-48 48-48h224c26.51 0 48 21.49 48 48zm96 58v12a6 6 0 0 1-6 6h-18v6a6 6 0 0 1-6 6h-42V88h42a6 6 0 0 1 6 6v6h18a6 6 0 0 1 6 6zm0 96v12a6 6 0 0 1-6 6h-18v6a6 6 0 0 1-6 6h-42v-48h42a6 6 0 0 1 6 6v6h18a6 6 0 0 1 6 6zm0 96v12a6 6 0 0 1-6 6h-18v6a6 6 0 0 1-6 6h-42v-48h42a6 6 0 0 1 6 6v6h18a6 6 0 0 1 6 6zm0 96v12a6 6 0 0 1-6 6h-18v6a6 6 0 0 1-6 6h-42v-48h42a6 6 0 0 1 6 6v6h18a6 6 0 0 1 6 6zM30 376h42v48H30a6 6 0 0 1-6-6v-6H6a6 6 0 0 1-6-6v-12a6 6 0 0 1 6-6h18v-6a6 6 0 0 1 6-6zm0-96h42v48H30a6 6 0 0 1-6-6v-6H6a6 6 0 0 1-6-6v-12a6 6 0 0 1 6-6h18v-6a6 6 0 0 1 6-6zm0-96h42v48H30a6 6 0 0 1-6-6v-6H6a6 6 0 0 1-6-6v-12a6 6 0 0 1 6-6h18v-6a6 6 0 0 1 6-6zm0-96h42v48H30a6 6 0 0 1-6-6v-6H6a6 6 0 0 1-6-6v-12a6 6 0 0 1 6-6h18v-6a6 6 0 0 1 6-6z\"><\/path><\/svg>\t\t\t\t<\/span>\n\t\t\t<\/div>\n\t\t\t\n\t\t\t\t\t\t<div class=\"elementor-icon-box-content\">\n\n\t\t\t\t\t\t\t\t\t<h3 class=\"elementor-icon-box-title\">\n\t\t\t\t\t\t<span  >\n\t\t\t\t\t\t\tLatest technology\t\t\t\t\t\t<\/span>\n\t\t\t\t\t<\/h3>\n\t\t\t\t\n\t\t\t\t\t\t\t\t\t<p class=\"elementor-icon-box-description\">\n\t\t\t\t\t\tWe install the best equipment on the market according to the needs of each client.\n\n\t\t\t\t\t<\/p>\n\t\t\t\t\n\t\t\t<\/div>\n\t\t\t\n\t\t<\/div>\n\t\t\t\t\t\t<\/div>\n\t\t\t\t\t<\/div>\n\t\t<\/div>\n\t\t\t\t<div class=\"elementor-column elementor-col-25 elementor-top-column elementor-element elementor-element-610c7a05\" data-id=\"610c7a05\" data-element_type=\"column\" data-e-type=\"column\">\n\t\t\t<div class=\"elementor-widget-wrap elementor-element-populated\">\n\t\t\t\t\t\t<div class=\"elementor-element elementor-element-70b8b184 elementor-view-default elementor-position-block-start elementor-mobile-position-block-start elementor-widget elementor-widget-icon-box\" data-id=\"70b8b184\" data-element_type=\"widget\" data-e-type=\"widget\" data-widget_type=\"icon-box.default\">\n\t\t\t\t\t\t\t<div class=\"elementor-icon-box-wrapper\">\n\n\t\t\t\t\t\t<div class=\"elementor-icon-box-icon\">\n\t\t\t\t<span  class=\"elementor-icon\">\n\t\t\t\t<i aria-hidden=\"true\" class=\"jki jki-save-money-light\"><\/i>\t\t\t\t<\/span>\n\t\t\t<\/div>\n\t\t\t\n\t\t\t\t\t\t<div class=\"elementor-icon-box-content\">\n\n\t\t\t\t\t\t\t\t\t<h3 class=\"elementor-icon-box-title\">\n\t\t\t\t\t\t<span  >\n\t\t\t\t\t\t\tCompetitive fees\t\t\t\t\t\t<\/span>\n\t\t\t\t\t<\/h3>\n\t\t\t\t\n\t\t\t\t\t\t\t\t\t<p class=\"elementor-icon-box-description\">\n\t\t\t\t\t\tOur customers benefit from a flexible and competitive payment plan.\n\t\t\t\t\t<\/p>\n\t\t\t\t\n\t\t\t<\/div>\n\t\t\t\n\t\t<\/div>\n\t\t\t\t\t\t<\/div>\n\t\t\t\t\t<\/div>\n\t\t<\/div>\n\t\t\t\t<div class=\"elementor-column elementor-col-25 elementor-top-column elementor-element elementor-element-72ce6835\" data-id=\"72ce6835\" data-element_type=\"column\" data-e-type=\"column\">\n\t\t\t<div class=\"elementor-widget-wrap elementor-element-populated\">\n\t\t\t\t\t\t<div class=\"elementor-element elementor-element-74a7404a elementor-view-default elementor-position-block-start elementor-mobile-position-block-start elementor-widget elementor-widget-icon-box\" data-id=\"74a7404a\" data-element_type=\"widget\" data-e-type=\"widget\" data-widget_type=\"icon-box.default\">\n\t\t\t\t\t\t\t<div class=\"elementor-icon-box-wrapper\">\n\n\t\t\t\t\t\t<div class=\"elementor-icon-box-icon\">\n\t\t\t\t<span  class=\"elementor-icon\">\n\t\t\t\t<svg aria-hidden=\"true\" class=\"e-font-icon-svg e-fas-random\" viewbox=\"0 0 512 512\" xmlns=\"http:\/\/www.w3.org\/2000\/svg\"><path d=\"M504.971 359.029c9.373 9.373 9.373 24.569 0 33.941l-80 79.984c-15.01 15.01-40.971 4.49-40.971-16.971V416h-58.785a12.004 12.004 0 0 1-8.773-3.812l-70.556-75.596 53.333-57.143L352 336h32v-39.981c0-21.438 25.943-31.998 40.971-16.971l80 79.981zM12 176h84l52.781 56.551 53.333-57.143-70.556-75.596A11.999 11.999 0 0 0 122.785 96H12c-6.627 0-12 5.373-12 12v56c0 6.627 5.373 12 12 12zm372 0v39.984c0 21.46 25.961 31.98 40.971 16.971l80-79.984c9.373-9.373 9.373-24.569 0-33.941l-80-79.981C409.943 24.021 384 34.582 384 56.019V96h-58.785a12.004 12.004 0 0 0-8.773 3.812L96 336H12c-6.627 0-12 5.373-12 12v56c0 6.627 5.373 12 12 12h110.785c3.326 0 6.503-1.381 8.773-3.812L352 176h32z\"><\/path><\/svg>\t\t\t\t<\/span>\n\t\t\t<\/div>\n\t\t\t\n\t\t\t\t\t\t<div class=\"elementor-icon-box-content\">\n\n\t\t\t\t\t\t\t\t\t<h3 class=\"elementor-icon-box-title\">\n\t\t\t\t\t\t<span  >\n\t\t\t\t\t\t\tMaintenance\t\t\t\t\t\t<\/span>\n\t\t\t\t\t<\/h3>\n\t\t\t\t\n\t\t\t\t\t\t\t\t\t<p class=\"elementor-icon-box-description\">\n\t\t\t\t\t\tOur technical team will keep your equipment in perfect condition.\n\t\t\t\t\t<\/p>\n\t\t\t\t\n\t\t\t<\/div>\n\t\t\t\n\t\t<\/div>\n\t\t\t\t\t\t<\/div>\n\t\t\t\t\t<\/div>\n\t\t<\/div>\n\t\t\t\t<div class=\"elementor-column elementor-col-25 elementor-top-column elementor-element elementor-element-112394db\" data-id=\"112394db\" data-element_type=\"column\" data-e-type=\"column\">\n\t\t\t<div class=\"elementor-widget-wrap elementor-element-populated\">\n\t\t\t\t\t\t<div class=\"elementor-element elementor-element-f574f5b elementor-view-default elementor-position-block-start elementor-mobile-position-block-start elementor-widget elementor-widget-icon-box\" data-id=\"f574f5b\" data-element_type=\"widget\" data-e-type=\"widget\" data-widget_type=\"icon-box.default\">\n\t\t\t\t\t\t\t<div class=\"elementor-icon-box-wrapper\">\n\n\t\t\t\t\t\t<div class=\"elementor-icon-box-icon\">\n\t\t\t\t<span  class=\"elementor-icon\">\n\t\t\t\t<svg aria-hidden=\"true\" class=\"e-font-icon-svg e-fas-user-alt\" viewbox=\"0 0 512 512\" xmlns=\"http:\/\/www.w3.org\/2000\/svg\"><path d=\"M256 288c79.5 0 144-64.5 144-144S335.5 0 256 0 112 64.5 112 144s64.5 144 144 144zm128 32h-55.1c-22.2 10.2-46.9 16-72.9 16s-50.6-5.8-72.9-16H128C57.3 320 0 377.3 0 448v16c0 26.5 21.5 48 48 48h416c26.5 0 48-21.5 48-48v-16c0-70.7-57.3-128-128-128z\"><\/path><\/svg>\t\t\t\t<\/span>\n\t\t\t<\/div>\n\t\t\t\n\t\t\t\t\t\t<div class=\"elementor-icon-box-content\">\n\n\t\t\t\t\t\t\t\t\t<h3 class=\"elementor-icon-box-title\">\n\t\t\t\t\t\t<span  >\n\t\t\t\t\t\t\tTelephone service\t\t\t\t\t\t<\/span>\n\t\t\t\t\t<\/h3>\n\t\t\t\t\n\t\t\t\t\t\t\t\t\t<p class=\"elementor-icon-box-description\">\n\t\t\t\t\t\tOur customer service will help you with any incident or management.\n\t\t\t\t\t<\/p>\n\t\t\t\t\n\t\t\t<\/div>\n\t\t\t\n\t\t<\/div>\n\t\t\t\t\t\t<\/div>\n\t\t\t\t\t<\/div>\n\t\t<\/div>\n\t\t\t\t\t<\/div>\n\t\t<\/section>\n\t\t\t\t<\/div>","protected":false},"excerpt":{"rendered":"<p>SEGURIDAD RESTAURANTES La seguridad en tu restaurante es muy importante, no solo cuando cierras puertas, sino tambi\u00e9n en el d\u00eda a d\u00eda. Solicita tu presupuesto Protegemos su Restaurante miestras descansa Nuestros sistemas de seguridad HIbridos y Cableados aportan un Grado de seguridad extra frente a intentos de Robo mientras el supermercado permanece cerrado. Gracias a [&hellip;]<\/p>\n","protected":false},"author":1,"featured_media":0,"parent":0,"menu_order":0,"comment_status":"closed","ping_status":"closed","template":"elementor_header_footer","meta":{"_yoast_wpseo_focuskw":"","_yoast_wpseo_title":"","_yoast_wpseo_metadesc":"","rank_math_title":"","rank_math_description":"","rank_math_focus_keyword":"","_joinchat":[],"footnotes":""},"class_list":["post-1900","page","type-page","status-publish","hentry"],"yoast_head":"<!-- This site is optimized with the Yoast SEO plugin v27.6 - https:\/\/yoast.com\/product\/yoast-seo-wordpress\/ -->\n<title>Seguridad Restaurantes - DUMO Seguridad<\/title>\n<meta name=\"robots\" content=\"index, follow, max-snippet:-1, max-image-preview:large, max-video-preview:-1\" \/>\n<link rel=\"canonical\" href=\"https:\/\/dumoseguridad.com\/en\/restaurant-security\/\" \/>\n<meta property=\"og:locale\" content=\"en_GB\" \/>\n<meta property=\"og:type\" content=\"article\" \/>\n<meta property=\"og:title\" content=\"Seguridad Restaurantes - DUMO Seguridad\" \/>\n<meta property=\"og:description\" content=\"SEGURIDAD RESTAURANTES La seguridad en tu restaurante es muy importante, no solo cuando cierras puertas, sino tambi\u00e9n en el d\u00eda a d\u00eda. Solicita tu presupuesto Protegemos su Restaurante miestras descansa Nuestros sistemas de seguridad HIbridos y Cableados aportan un Grado de seguridad extra frente a intentos de Robo mientras el supermercado permanece cerrado. Gracias a [&hellip;]\" \/>\n<meta property=\"og:url\" content=\"https:\/\/dumoseguridad.com\/en\/restaurant-security\/\" \/>\n<meta property=\"og:site_name\" content=\"DUMO Seguridad\" \/>\n<meta property=\"article:modified_time\" content=\"2026-05-14T12:04:13+00:00\" \/>\n<meta name=\"twitter:card\" content=\"summary_large_image\" \/>\n<meta name=\"twitter:label1\" content=\"Estimated reading time\" \/>\n\t<meta name=\"twitter:data1\" content=\"2 minutes\" \/>\n<script type=\"application\/ld+json\" class=\"yoast-schema-graph\">{\"@context\":\"https:\\\/\\\/schema.org\",\"@graph\":[{\"@type\":\"WebPage\",\"@id\":\"https:\\\/\\\/dumoseguridad.com\\\/seguridad-restaurantes\\\/\",\"url\":\"https:\\\/\\\/dumoseguridad.com\\\/seguridad-restaurantes\\\/\",\"name\":\"Seguridad Restaurantes - DUMO Seguridad\",\"isPartOf\":{\"@id\":\"https:\\\/\\\/dumoseguridad.com\\\/#website\"},\"datePublished\":\"2023-08-03T04:57:56+00:00\",\"dateModified\":\"2026-05-14T12:04:13+00:00\",\"breadcrumb\":{\"@id\":\"https:\\\/\\\/dumoseguridad.com\\\/seguridad-restaurantes\\\/#breadcrumb\"},\"inLanguage\":\"en-GB\",\"potentialAction\":[{\"@type\":\"ReadAction\",\"target\":[\"https:\\\/\\\/dumoseguridad.com\\\/seguridad-restaurantes\\\/\"]}]},{\"@type\":\"BreadcrumbList\",\"@id\":\"https:\\\/\\\/dumoseguridad.com\\\/seguridad-restaurantes\\\/#breadcrumb\",\"itemListElement\":[{\"@type\":\"ListItem\",\"position\":1,\"name\":\"Portada\",\"item\":\"https:\\\/\\\/dumoseguridad.com\\\/\"},{\"@type\":\"ListItem\",\"position\":2,\"name\":\"Seguridad Restaurantes\"}]},{\"@type\":\"WebSite\",\"@id\":\"https:\\\/\\\/dumoseguridad.com\\\/#website\",\"url\":\"https:\\\/\\\/dumoseguridad.com\\\/\",\"name\":\"DUMO Seguridad\",\"description\":\"Sistemas de Seguridad Para Particulares y Empresas\",\"potentialAction\":[{\"@type\":\"SearchAction\",\"target\":{\"@type\":\"EntryPoint\",\"urlTemplate\":\"https:\\\/\\\/dumoseguridad.com\\\/?s={search_term_string}\"},\"query-input\":{\"@type\":\"PropertyValueSpecification\",\"valueRequired\":true,\"valueName\":\"search_term_string\"}}],\"inLanguage\":\"en-GB\"}]}<\/script>\n<!-- \/ Yoast SEO plugin. -->","yoast_head_json":{"title":"Restaurant Security - DUMO Security","robots":{"index":"index","follow":"follow","max-snippet":"max-snippet:-1","max-image-preview":"max-image-preview:large","max-video-preview":"max-video-preview:-1"},"canonical":"https:\/\/dumoseguridad.com\/en\/restaurant-security\/","og_locale":"en_GB","og_type":"article","og_title":"Seguridad Restaurantes - DUMO Seguridad","og_description":"SEGURIDAD RESTAURANTES La seguridad en tu restaurante es muy importante, no solo cuando cierras puertas, sino tambi\u00e9n en el d\u00eda a d\u00eda. Solicita tu presupuesto Protegemos su Restaurante miestras descansa Nuestros sistemas de seguridad HIbridos y Cableados aportan un Grado de seguridad extra frente a intentos de Robo mientras el supermercado permanece cerrado. Gracias a [&hellip;]","og_url":"https:\/\/dumoseguridad.com\/en\/restaurant-security\/","og_site_name":"DUMO Seguridad","article_modified_time":"2026-05-14T12:04:13+00:00","twitter_card":"summary_large_image","twitter_misc":{"Estimated reading time":"2 minutes"},"schema":{"@context":"https:\/\/schema.org","@graph":[{"@type":"WebPage","@id":"https:\/\/dumoseguridad.com\/seguridad-restaurantes\/","url":"https:\/\/dumoseguridad.com\/seguridad-restaurantes\/","name":"Restaurant Security - DUMO Security","isPartOf":{"@id":"https:\/\/dumoseguridad.com\/#website"},"datePublished":"2023-08-03T04:57:56+00:00","dateModified":"2026-05-14T12:04:13+00:00","breadcrumb":{"@id":"https:\/\/dumoseguridad.com\/seguridad-restaurantes\/#breadcrumb"},"inLanguage":"en-GB","potentialAction":[{"@type":"ReadAction","target":["https:\/\/dumoseguridad.com\/seguridad-restaurantes\/"]}]},{"@type":"BreadcrumbList","@id":"https:\/\/dumoseguridad.com\/seguridad-restaurantes\/#breadcrumb","itemListElement":[{"@type":"ListItem","position":1,"name":"Portada","item":"https:\/\/dumoseguridad.com\/"},{"@type":"ListItem","position":2,"name":"Seguridad Restaurantes"}]},{"@type":"WebSite","@id":"https:\/\/dumoseguridad.com\/#website","url":"https:\/\/dumoseguridad.com\/","name":"DUMO Security","description":"Security Systems For Individuals and Businesses","potentialAction":[{"@type":"SearchAction","target":{"@type":"EntryPoint","urlTemplate":"https:\/\/dumoseguridad.com\/?s={search_term_string}"},"query-input":{"@type":"PropertyValueSpecification","valueRequired":true,"valueName":"search_term_string"}}],"inLanguage":"en-GB"}]}},"_links":{"self":[{"href":"https:\/\/dumoseguridad.com\/en\/wp-json\/wp\/v2\/pages\/1900","targetHints":{"allow":["GET"]}}],"collection":[{"href":"https:\/\/dumoseguridad.com\/en\/wp-json\/wp\/v2\/pages"}],"about":[{"href":"https:\/\/dumoseguridad.com\/en\/wp-json\/wp\/v2\/types\/page"}],"author":[{"embeddable":true,"href":"https:\/\/dumoseguridad.com\/en\/wp-json\/wp\/v2\/users\/1"}],"replies":[{"embeddable":true,"href":"https:\/\/dumoseguridad.com\/en\/wp-json\/wp\/v2\/comments?post=1900"}],"version-history":[{"count":31,"href":"https:\/\/dumoseguridad.com\/en\/wp-json\/wp\/v2\/pages\/1900\/revisions"}],"predecessor-version":[{"id":4538,"href":"https:\/\/dumoseguridad.com\/en\/wp-json\/wp\/v2\/pages\/1900\/revisions\/4538"}],"wp:attachment":[{"href":"https:\/\/dumoseguridad.com\/en\/wp-json\/wp\/v2\/media?parent=1900"}],"curies":[{"name":"wp","href":"https:\/\/api.w.org\/{rel}","templated":true}]}}