{"id":1918,"date":"2023-08-03T05:03:30","date_gmt":"2023-08-03T05:03:30","guid":{"rendered":"https:\/\/dumoseguridad.com\/?page_id=1918"},"modified":"2025-06-13T10:23:40","modified_gmt":"2025-06-13T10:23:40","slug":"optical-security","status":"publish","type":"page","link":"https:\/\/dumoseguridad.com\/en\/optical-security\/","title":{"rendered":"Security Optical"},"content":{"rendered":"<div data-elementor-type=\"wp-page\" data-elementor-id=\"1918\" class=\"elementor elementor-1918\" data-elementor-post-type=\"page\">\n\t\t\t\t\t\t<section class=\"elementor-section elementor-top-section elementor-element elementor-element-2d366d6c elementor-section-height-min-height elementor-section-boxed elementor-section-height-default elementor-section-items-middle\" data-id=\"2d366d6c\" data-element_type=\"section\" data-e-type=\"section\" data-settings=\"{&quot;background_background&quot;:&quot;classic&quot;}\">\n\t\t\t\t\t\t\t<div class=\"elementor-background-overlay\"><\/div>\n\t\t\t\t\t\t\t<div class=\"elementor-container elementor-column-gap-default\">\n\t\t\t\t\t<div class=\"elementor-column elementor-col-33 elementor-top-column elementor-element elementor-element-2c9e71e7\" data-id=\"2c9e71e7\" data-element_type=\"column\" data-e-type=\"column\" data-settings=\"{&quot;background_background&quot;:&quot;classic&quot;}\">\n\t\t\t<div class=\"elementor-widget-wrap elementor-element-populated\">\n\t\t\t\t\t\t<div class=\"elementor-element elementor-element-3330cf9f elementor-widget elementor-widget-heading\" data-id=\"3330cf9f\" data-element_type=\"widget\" data-e-type=\"widget\" data-widget_type=\"heading.default\">\n\t\t\t\t\t<h2 class=\"elementor-heading-title elementor-size-default\">SECURITY <br> OPTICS<\/h2>\t\t\t\t<\/div>\n\t\t\t\t<div class=\"elementor-element elementor-element-c465f0c elementor-widget elementor-widget-text-editor\" data-id=\"c465f0c\" data-element_type=\"widget\" data-e-type=\"widget\" data-widget_type=\"text-editor.default\">\n\t\t\t\t\t\t\t\t\t<div class=\"wpb_text_column wpb_content_element vc_custom_1666270662986\"><div class=\"wpb_wrapper\"><div class=\"wpb_text_column wpb_content_element vc_custom_1654160041555\"><div class=\"wpb_wrapper\"><div class=\"wpb_text_column wpb_content_element vc_custom_1667213285881\"><div class=\"wpb_wrapper\"><p>We protect your optician's shop against theft and petty theft.<\/p><\/div><\/div><\/div><\/div><\/div><\/div>\t\t\t\t\t\t\t\t<\/div>\n\t\t\t\t<div class=\"elementor-element elementor-element-3d8e4878 elementor-widget__width-auto elementor-mobile-align-justify elementor-widget-mobile__width-inherit elementor-align-left elementor-widget elementor-widget-button\" data-id=\"3d8e4878\" data-element_type=\"widget\" data-e-type=\"widget\" data-widget_type=\"button.default\">\n\t\t\t\t\t\t\t\t\t\t<a class=\"elementor-button elementor-button-link elementor-size-md elementor-animation-grow\" href=\"https:\/\/dumoseguridad.com\/en\/contact\/\">\n\t\t\t\t\t\t<span class=\"elementor-button-content-wrapper\">\n\t\t\t\t\t\t<span class=\"elementor-button-icon\">\n\t\t\t\t<svg aria-hidden=\"true\" class=\"e-font-icon-svg e-fas-lock\" viewbox=\"0 0 448 512\" xmlns=\"http:\/\/www.w3.org\/2000\/svg\"><path d=\"M400 224h-24v-72C376 68.2 307.8 0 224 0S72 68.2 72 152v72H48c-26.5 0-48 21.5-48 48v192c0 26.5 21.5 48 48 48h352c26.5 0 48-21.5 48-48V272c0-26.5-21.5-48-48-48zm-104 0H152v-72c0-39.7 32.3-72 72-72s72 32.3 72 72v72z\"><\/path><\/svg>\t\t\t<\/span>\n\t\t\t\t\t\t\t\t\t<span class=\"elementor-button-text\">Request a quote<\/span>\n\t\t\t\t\t<\/span>\n\t\t\t\t\t<\/a>\n\t\t\t\t\t\t\t\t<\/div>\n\t\t\t\t\t<\/div>\n\t\t<\/div>\n\t\t\t\t<div class=\"elementor-column elementor-col-66 elementor-top-column elementor-element elementor-element-7f111af6\" data-id=\"7f111af6\" data-element_type=\"column\" data-e-type=\"column\">\n\t\t\t<div class=\"elementor-widget-wrap\">\n\t\t\t\t\t\t\t<\/div>\n\t\t<\/div>\n\t\t\t\t\t<\/div>\n\t\t<\/section>\n\t\t\t\t<section class=\"elementor-section elementor-top-section elementor-element elementor-element-6469cf5e elementor-section-content-middle elementor-section-boxed elementor-section-height-default elementor-section-height-default\" data-id=\"6469cf5e\" data-element_type=\"section\" data-e-type=\"section\" data-settings=\"{&quot;background_background&quot;:&quot;classic&quot;}\">\n\t\t\t\t\t\t\t<div class=\"elementor-background-overlay\"><\/div>\n\t\t\t\t\t\t\t<div class=\"elementor-container elementor-column-gap-wide\">\n\t\t\t\t\t<div class=\"elementor-column elementor-col-100 elementor-top-column elementor-element elementor-element-22eb3e4f\" data-id=\"22eb3e4f\" data-element_type=\"column\" data-e-type=\"column\">\n\t\t\t<div class=\"elementor-widget-wrap elementor-element-populated\">\n\t\t\t\t\t\t<div class=\"elementor-element elementor-element-2c8f12d7 elementor-invisible elementor-widget elementor-widget-heading\" data-id=\"2c8f12d7\" data-element_type=\"widget\" data-e-type=\"widget\" data-settings=\"{&quot;_animation&quot;:&quot;fadeInUp&quot;}\" data-widget_type=\"heading.default\">\n\t\t\t\t\t<h2 class=\"elementor-heading-title elementor-size-default\">Protecting your optics while you rest<\/h2>\t\t\t\t<\/div>\n\t\t\t\t<div class=\"elementor-element elementor-element-3ded6e01 elementor-widget elementor-widget-text-editor\" data-id=\"3ded6e01\" data-element_type=\"widget\" data-e-type=\"widget\" data-widget_type=\"text-editor.default\">\n\t\t\t\t\t\t\t\t\t<div class=\"wpb_column vc_column_container vc_col-sm-8\"><div class=\"vc_column-inner\"><div class=\"wpb_wrapper\"><div class=\"wpb_text_column wpb_content_element vc_custom_1623754060690\"><div class=\"wpb_wrapper\"><div class=\"col-12\"><div class=\"name\"><div class=\"wpb_column vc_column_container vc_col-sm-8\"><div class=\"vc_column-inner vc_custom_1612712300134\"><div class=\"wpb_wrapper\"><div class=\"wpb_text_column wpb_content_element\"><div class=\"wpb_wrapper\"><div class=\"col-12\"><div class=\"name\"><p>Our Hybrid and Wired security systems provide an extra degree of security against break-in attempts while the optic remains closed. Thanks to the <strong>double communication channel<\/strong> (IP+GPRS) we ensure at all times that the communications are operational and in communication with our <strong>24\/7 control centre.<\/strong><\/p><\/div><\/div><\/div><\/div><\/div><\/div><\/div><\/div><\/div><\/div><\/div><\/div><\/div><\/div>\t\t\t\t\t\t\t\t<\/div>\n\t\t\t\t<div class=\"elementor-element elementor-element-4162ee25 elementor-invisible elementor-widget elementor-widget-heading\" data-id=\"4162ee25\" data-element_type=\"widget\" data-e-type=\"widget\" data-settings=\"{&quot;_animation&quot;:&quot;fadeInUp&quot;}\" data-widget_type=\"heading.default\">\n\t\t\t\t\t<h3 class=\"elementor-heading-title elementor-size-default\">Video Surveillance with 24H. recording in optician's shops<\/h3>\t\t\t\t<\/div>\n\t\t\t\t<div class=\"elementor-element elementor-element-6c31daf3 elementor-widget elementor-widget-text-editor\" data-id=\"6c31daf3\" data-element_type=\"widget\" data-e-type=\"widget\" data-widget_type=\"text-editor.default\">\n\t\t\t\t\t\t\t\t\t<p>In an optician's shop, security and protection of high-value products and customer privacy are essential. A video surveillance system provides a crucial solution. It not only prevents theft and vandalism, but also ensures quality and inventory control. In addition, it helps maintain a safe and comfortable environment for customers, fostering their trust and loyalty. With video surveillance, owners can monitor activity in real time and quickly address any problems. In short, a video surveillance system in an optical store not only protects assets, but also improves customer experience and operational management.<\/p>\t\t\t\t\t\t\t\t<\/div>\n\t\t\t\t\t<\/div>\n\t\t<\/div>\n\t\t\t\t\t<\/div>\n\t\t<\/section>\n\t\t\t\t<section class=\"elementor-section elementor-top-section elementor-element elementor-element-b33ed80 elementor-section-boxed elementor-section-height-default elementor-section-height-default\" data-id=\"b33ed80\" data-element_type=\"section\" data-e-type=\"section\" data-settings=\"{&quot;background_background&quot;:&quot;classic&quot;}\">\n\t\t\t\t\t\t\t<div class=\"elementor-background-overlay\"><\/div>\n\t\t\t\t\t\t\t<div class=\"elementor-container elementor-column-gap-default\">\n\t\t\t\t\t<div class=\"elementor-column elementor-col-66 elementor-top-column elementor-element elementor-element-8d54d00\" data-id=\"8d54d00\" data-element_type=\"column\" data-e-type=\"column\">\n\t\t\t<div class=\"elementor-widget-wrap elementor-element-populated\">\n\t\t\t\t\t\t<div class=\"elementor-element elementor-element-1e30e64 elementor-invisible elementor-widget elementor-widget-heading\" data-id=\"1e30e64\" data-element_type=\"widget\" data-e-type=\"widget\" data-settings=\"{&quot;_animation&quot;:&quot;fadeInUp&quot;}\" data-widget_type=\"heading.default\">\n\t\t\t\t\t<h2 class=\"elementor-heading-title elementor-size-default\">Security solutions<\/h2>\t\t\t\t<\/div>\n\t\t\t\t<div class=\"elementor-element elementor-element-5c564d9 elementor-invisible elementor-widget elementor-widget-heading\" data-id=\"5c564d9\" data-element_type=\"widget\" data-e-type=\"widget\" data-settings=\"{&quot;_animation&quot;:&quot;fadeInUp&quot;}\" data-widget_type=\"heading.default\">\n\t\t\t\t\t<h2 class=\"elementor-heading-title elementor-size-default\">Do you need a complete security solution?<\/h2>\t\t\t\t<\/div>\n\t\t\t\t<div class=\"elementor-element elementor-element-2bfc7ed elementor-invisible elementor-widget elementor-widget-heading\" data-id=\"2bfc7ed\" data-element_type=\"widget\" data-e-type=\"widget\" data-settings=\"{&quot;_animation&quot;:&quot;fadeInUp&quot;}\" data-widget_type=\"heading.default\">\n\t\t\t\t\t<h2 class=\"elementor-heading-title elementor-size-default\">Boost your peace of mind this year with a more comprehensive alarm<\/h2>\t\t\t\t<\/div>\n\t\t\t\t\t<\/div>\n\t\t<\/div>\n\t\t\t\t<div class=\"elementor-column elementor-col-33 elementor-top-column elementor-element elementor-element-a35d65a\" data-id=\"a35d65a\" data-element_type=\"column\" data-e-type=\"column\" data-settings=\"{&quot;background_background&quot;:&quot;classic&quot;}\">\n\t\t\t<div class=\"elementor-widget-wrap elementor-element-populated\">\n\t\t\t\t\t\t<div class=\"elementor-element elementor-element-8e6b6a0 elementor-widget elementor-widget-heading\" data-id=\"8e6b6a0\" data-element_type=\"widget\" data-e-type=\"widget\" data-widget_type=\"heading.default\">\n\t\t\t\t\t<h2 class=\"elementor-heading-title elementor-size-default\">Request your offer<br>931 272602<\/h2>\t\t\t\t<\/div>\n\t\t\t\t<div class=\"elementor-element elementor-element-843c6b5 elementor-widget-divider--view-line elementor-widget elementor-widget-divider\" data-id=\"843c6b5\" data-element_type=\"widget\" data-e-type=\"widget\" data-widget_type=\"divider.default\">\n\t\t\t\t\t\t\t<div class=\"elementor-divider\">\n\t\t\t<span class=\"elementor-divider-separator\">\n\t\t\t\t\t\t<\/span>\n\t\t<\/div>\n\t\t\t\t\t\t<\/div>\n\t\t\t\t<div class=\"elementor-element elementor-element-94a09b3 elementor-widget elementor-widget-heading\" data-id=\"94a09b3\" data-element_type=\"widget\" data-e-type=\"widget\" data-widget_type=\"heading.default\">\n\t\t\t\t\t<h2 class=\"elementor-heading-title elementor-size-default\">Or we call you now:<\/h2>\t\t\t\t<\/div>\n\t\t\t\t<div class=\"elementor-element elementor-element-a7e7476 elementor-widget elementor-widget-shortcode\" data-id=\"a7e7476\" data-element_type=\"widget\" data-e-type=\"widget\" data-widget_type=\"shortcode.default\">\n\t\t\t\t\t\t\t<div class=\"elementor-shortcode\"><iframe\n  src=\"https:\/\/api.leadconnectorhq.com\/widget\/form\/I3If4qcFrMKr0Crp3Mqv\"\n  style=\"width:100%;height:100%;border:none;border-radius:3px\"\n  id=\"inline-I3If4qcFrMKr0Crp3Mqv\" \n  data-layout=\"{'id':'INLINE'}\"\n  data-trigger-type=\"alwaysShow\"\n  data-trigger-value=\"\"\n  data-activation-type=\"alwaysActivated\"\n  data-activation-value=\"\"\n  data-deactivation-type=\"neverDeactivate\"\n  data-deactivation-value=\"\"\n  data-form-name=\"Te llemamos ahora\"\n  data-height=\"432\"\n  data-layout-iframe-id=\"inline-I3If4qcFrMKr0Crp3Mqv\"\n  data-form-id=\"I3If4qcFrMKr0Crp3Mqv\"\n  title=\"We&#039;ll get back to you now\"\n      >\n<\/iframe>\n<script src=\"https:\/\/link.msgsndr.com\/js\/form_embed.js\"><\/script><\/div>\n\t\t\t\t\t\t<\/div>\n\t\t\t\t\t<\/div>\n\t\t<\/div>\n\t\t\t\t\t<\/div>\n\t\t<\/section>\n\t\t\t\t<section class=\"elementor-section elementor-top-section elementor-element elementor-element-1809ec89 elementor-section-boxed elementor-section-height-default elementor-section-height-default\" data-id=\"1809ec89\" data-element_type=\"section\" data-e-type=\"section\">\n\t\t\t\t\t\t<div class=\"elementor-container elementor-column-gap-default\">\n\t\t\t\t\t<div class=\"elementor-column elementor-col-25 elementor-top-column elementor-element elementor-element-627603d0\" data-id=\"627603d0\" data-element_type=\"column\" data-e-type=\"column\">\n\t\t\t<div class=\"elementor-widget-wrap elementor-element-populated\">\n\t\t\t\t\t\t<div class=\"elementor-element elementor-element-51c6d662 elementor-view-default elementor-position-block-start elementor-mobile-position-block-start elementor-widget elementor-widget-icon-box\" data-id=\"51c6d662\" data-element_type=\"widget\" data-e-type=\"widget\" data-widget_type=\"icon-box.default\">\n\t\t\t\t\t\t\t<div class=\"elementor-icon-box-wrapper\">\n\n\t\t\t\t\t\t<div class=\"elementor-icon-box-icon\">\n\t\t\t\t<span  class=\"elementor-icon\">\n\t\t\t\t<svg aria-hidden=\"true\" class=\"e-font-icon-svg e-fas-microchip\" viewbox=\"0 0 512 512\" xmlns=\"http:\/\/www.w3.org\/2000\/svg\"><path d=\"M416 48v416c0 26.51-21.49 48-48 48H144c-26.51 0-48-21.49-48-48V48c0-26.51 21.49-48 48-48h224c26.51 0 48 21.49 48 48zm96 58v12a6 6 0 0 1-6 6h-18v6a6 6 0 0 1-6 6h-42V88h42a6 6 0 0 1 6 6v6h18a6 6 0 0 1 6 6zm0 96v12a6 6 0 0 1-6 6h-18v6a6 6 0 0 1-6 6h-42v-48h42a6 6 0 0 1 6 6v6h18a6 6 0 0 1 6 6zm0 96v12a6 6 0 0 1-6 6h-18v6a6 6 0 0 1-6 6h-42v-48h42a6 6 0 0 1 6 6v6h18a6 6 0 0 1 6 6zm0 96v12a6 6 0 0 1-6 6h-18v6a6 6 0 0 1-6 6h-42v-48h42a6 6 0 0 1 6 6v6h18a6 6 0 0 1 6 6zM30 376h42v48H30a6 6 0 0 1-6-6v-6H6a6 6 0 0 1-6-6v-12a6 6 0 0 1 6-6h18v-6a6 6 0 0 1 6-6zm0-96h42v48H30a6 6 0 0 1-6-6v-6H6a6 6 0 0 1-6-6v-12a6 6 0 0 1 6-6h18v-6a6 6 0 0 1 6-6zm0-96h42v48H30a6 6 0 0 1-6-6v-6H6a6 6 0 0 1-6-6v-12a6 6 0 0 1 6-6h18v-6a6 6 0 0 1 6-6zm0-96h42v48H30a6 6 0 0 1-6-6v-6H6a6 6 0 0 1-6-6v-12a6 6 0 0 1 6-6h18v-6a6 6 0 0 1 6-6z\"><\/path><\/svg>\t\t\t\t<\/span>\n\t\t\t<\/div>\n\t\t\t\n\t\t\t\t\t\t<div class=\"elementor-icon-box-content\">\n\n\t\t\t\t\t\t\t\t\t<h3 class=\"elementor-icon-box-title\">\n\t\t\t\t\t\t<span  >\n\t\t\t\t\t\t\tLatest technology\t\t\t\t\t\t<\/span>\n\t\t\t\t\t<\/h3>\n\t\t\t\t\n\t\t\t\t\t\t\t\t\t<p class=\"elementor-icon-box-description\">\n\t\t\t\t\t\tWe install the best equipment on the market according to the needs of each client.\n\n\t\t\t\t\t<\/p>\n\t\t\t\t\n\t\t\t<\/div>\n\t\t\t\n\t\t<\/div>\n\t\t\t\t\t\t<\/div>\n\t\t\t\t\t<\/div>\n\t\t<\/div>\n\t\t\t\t<div class=\"elementor-column elementor-col-25 elementor-top-column elementor-element elementor-element-252f9650\" data-id=\"252f9650\" data-element_type=\"column\" data-e-type=\"column\">\n\t\t\t<div class=\"elementor-widget-wrap elementor-element-populated\">\n\t\t\t\t\t\t<div class=\"elementor-element elementor-element-5bb8e450 elementor-view-default elementor-position-block-start elementor-mobile-position-block-start elementor-widget elementor-widget-icon-box\" data-id=\"5bb8e450\" data-element_type=\"widget\" data-e-type=\"widget\" data-widget_type=\"icon-box.default\">\n\t\t\t\t\t\t\t<div class=\"elementor-icon-box-wrapper\">\n\n\t\t\t\t\t\t<div class=\"elementor-icon-box-icon\">\n\t\t\t\t<span  class=\"elementor-icon\">\n\t\t\t\t<i aria-hidden=\"true\" class=\"jki jki-save-money-light\"><\/i>\t\t\t\t<\/span>\n\t\t\t<\/div>\n\t\t\t\n\t\t\t\t\t\t<div class=\"elementor-icon-box-content\">\n\n\t\t\t\t\t\t\t\t\t<h3 class=\"elementor-icon-box-title\">\n\t\t\t\t\t\t<span  >\n\t\t\t\t\t\t\tCompetitive fees\t\t\t\t\t\t<\/span>\n\t\t\t\t\t<\/h3>\n\t\t\t\t\n\t\t\t\t\t\t\t\t\t<p class=\"elementor-icon-box-description\">\n\t\t\t\t\t\tOur customers benefit from a flexible and competitive payment plan.\n\t\t\t\t\t<\/p>\n\t\t\t\t\n\t\t\t<\/div>\n\t\t\t\n\t\t<\/div>\n\t\t\t\t\t\t<\/div>\n\t\t\t\t\t<\/div>\n\t\t<\/div>\n\t\t\t\t<div class=\"elementor-column elementor-col-25 elementor-top-column elementor-element elementor-element-18486ff1\" data-id=\"18486ff1\" data-element_type=\"column\" data-e-type=\"column\">\n\t\t\t<div class=\"elementor-widget-wrap elementor-element-populated\">\n\t\t\t\t\t\t<div class=\"elementor-element elementor-element-4f74f87 elementor-view-default elementor-position-block-start elementor-mobile-position-block-start elementor-widget elementor-widget-icon-box\" data-id=\"4f74f87\" data-element_type=\"widget\" data-e-type=\"widget\" data-widget_type=\"icon-box.default\">\n\t\t\t\t\t\t\t<div class=\"elementor-icon-box-wrapper\">\n\n\t\t\t\t\t\t<div class=\"elementor-icon-box-icon\">\n\t\t\t\t<span  class=\"elementor-icon\">\n\t\t\t\t<svg aria-hidden=\"true\" class=\"e-font-icon-svg e-fas-random\" viewbox=\"0 0 512 512\" xmlns=\"http:\/\/www.w3.org\/2000\/svg\"><path d=\"M504.971 359.029c9.373 9.373 9.373 24.569 0 33.941l-80 79.984c-15.01 15.01-40.971 4.49-40.971-16.971V416h-58.785a12.004 12.004 0 0 1-8.773-3.812l-70.556-75.596 53.333-57.143L352 336h32v-39.981c0-21.438 25.943-31.998 40.971-16.971l80 79.981zM12 176h84l52.781 56.551 53.333-57.143-70.556-75.596A11.999 11.999 0 0 0 122.785 96H12c-6.627 0-12 5.373-12 12v56c0 6.627 5.373 12 12 12zm372 0v39.984c0 21.46 25.961 31.98 40.971 16.971l80-79.984c9.373-9.373 9.373-24.569 0-33.941l-80-79.981C409.943 24.021 384 34.582 384 56.019V96h-58.785a12.004 12.004 0 0 0-8.773 3.812L96 336H12c-6.627 0-12 5.373-12 12v56c0 6.627 5.373 12 12 12h110.785c3.326 0 6.503-1.381 8.773-3.812L352 176h32z\"><\/path><\/svg>\t\t\t\t<\/span>\n\t\t\t<\/div>\n\t\t\t\n\t\t\t\t\t\t<div class=\"elementor-icon-box-content\">\n\n\t\t\t\t\t\t\t\t\t<h3 class=\"elementor-icon-box-title\">\n\t\t\t\t\t\t<span  >\n\t\t\t\t\t\t\tMaintenance\t\t\t\t\t\t<\/span>\n\t\t\t\t\t<\/h3>\n\t\t\t\t\n\t\t\t\t\t\t\t\t\t<p class=\"elementor-icon-box-description\">\n\t\t\t\t\t\tOur technical team will keep your equipment in perfect condition.\n\t\t\t\t\t<\/p>\n\t\t\t\t\n\t\t\t<\/div>\n\t\t\t\n\t\t<\/div>\n\t\t\t\t\t\t<\/div>\n\t\t\t\t\t<\/div>\n\t\t<\/div>\n\t\t\t\t<div class=\"elementor-column elementor-col-25 elementor-top-column elementor-element elementor-element-422ec762\" data-id=\"422ec762\" data-element_type=\"column\" data-e-type=\"column\">\n\t\t\t<div class=\"elementor-widget-wrap elementor-element-populated\">\n\t\t\t\t\t\t<div class=\"elementor-element elementor-element-45bcd89a elementor-view-default elementor-position-block-start elementor-mobile-position-block-start elementor-widget elementor-widget-icon-box\" data-id=\"45bcd89a\" data-element_type=\"widget\" data-e-type=\"widget\" data-widget_type=\"icon-box.default\">\n\t\t\t\t\t\t\t<div class=\"elementor-icon-box-wrapper\">\n\n\t\t\t\t\t\t<div class=\"elementor-icon-box-icon\">\n\t\t\t\t<span  class=\"elementor-icon\">\n\t\t\t\t<svg aria-hidden=\"true\" class=\"e-font-icon-svg e-fas-user-alt\" viewbox=\"0 0 512 512\" xmlns=\"http:\/\/www.w3.org\/2000\/svg\"><path d=\"M256 288c79.5 0 144-64.5 144-144S335.5 0 256 0 112 64.5 112 144s64.5 144 144 144zm128 32h-55.1c-22.2 10.2-46.9 16-72.9 16s-50.6-5.8-72.9-16H128C57.3 320 0 377.3 0 448v16c0 26.5 21.5 48 48 48h416c26.5 0 48-21.5 48-48v-16c0-70.7-57.3-128-128-128z\"><\/path><\/svg>\t\t\t\t<\/span>\n\t\t\t<\/div>\n\t\t\t\n\t\t\t\t\t\t<div class=\"elementor-icon-box-content\">\n\n\t\t\t\t\t\t\t\t\t<h3 class=\"elementor-icon-box-title\">\n\t\t\t\t\t\t<span  >\n\t\t\t\t\t\t\tTelephone service\t\t\t\t\t\t<\/span>\n\t\t\t\t\t<\/h3>\n\t\t\t\t\n\t\t\t\t\t\t\t\t\t<p class=\"elementor-icon-box-description\">\n\t\t\t\t\t\tOur customer service will help you with any incident or management.\n\t\t\t\t\t<\/p>\n\t\t\t\t\n\t\t\t<\/div>\n\t\t\t\n\t\t<\/div>\n\t\t\t\t\t\t<\/div>\n\t\t\t\t\t<\/div>\n\t\t<\/div>\n\t\t\t\t\t<\/div>\n\t\t<\/section>\n\t\t\t\t<\/div>","protected":false},"excerpt":{"rendered":"<p>SEGURIDAD \u00d3PTICAS Protegemos tu \u00f3ptica frente a robos y peque\u00f1o hurto. Solicita tu presupuesto Protegemos tu optica miestras descansa Nuestros sistemas de seguridad Hibridos y Cableados aportan un Grado de seguridad extra frente a intentos de Robo mientras la \u00f3ptica permanece cerrada. Gracias a la doble v\u00eda de comunicaci\u00f3n (IP+GPRS) nos aseguramos en todo momento [&hellip;]<\/p>\n","protected":false},"author":1,"featured_media":0,"parent":0,"menu_order":0,"comment_status":"closed","ping_status":"closed","template":"elementor_header_footer","meta":{"_yoast_wpseo_focuskw":"","_yoast_wpseo_title":"","_yoast_wpseo_metadesc":"","rank_math_title":"","rank_math_description":"","rank_math_focus_keyword":"","_joinchat":[],"footnotes":""},"class_list":["post-1918","page","type-page","status-publish","hentry"],"yoast_head":"<!-- This site is optimized with the Yoast SEO plugin v27.6 - https:\/\/yoast.com\/product\/yoast-seo-wordpress\/ -->\n<title>Seguridad \u00d3pticas - DUMO Seguridad<\/title>\n<meta name=\"robots\" content=\"index, follow, max-snippet:-1, max-image-preview:large, max-video-preview:-1\" \/>\n<link rel=\"canonical\" href=\"https:\/\/dumoseguridad.com\/en\/optical-security\/\" \/>\n<meta property=\"og:locale\" content=\"en_GB\" \/>\n<meta property=\"og:type\" content=\"article\" \/>\n<meta property=\"og:title\" content=\"Seguridad \u00d3pticas - DUMO Seguridad\" \/>\n<meta property=\"og:description\" content=\"SEGURIDAD \u00d3PTICAS Protegemos tu \u00f3ptica frente a robos y peque\u00f1o hurto. Solicita tu presupuesto Protegemos tu optica miestras descansa Nuestros sistemas de seguridad Hibridos y Cableados aportan un Grado de seguridad extra frente a intentos de Robo mientras la \u00f3ptica permanece cerrada. Gracias a la doble v\u00eda de comunicaci\u00f3n (IP+GPRS) nos aseguramos en todo momento [&hellip;]\" \/>\n<meta property=\"og:url\" content=\"https:\/\/dumoseguridad.com\/en\/optical-security\/\" \/>\n<meta property=\"og:site_name\" content=\"DUMO Seguridad\" \/>\n<meta property=\"article:modified_time\" content=\"2025-06-13T10:23:40+00:00\" \/>\n<meta name=\"twitter:card\" content=\"summary_large_image\" \/>\n<meta name=\"twitter:label1\" content=\"Estimated reading time\" \/>\n\t<meta name=\"twitter:data1\" content=\"1 minute\" \/>\n<script type=\"application\/ld+json\" class=\"yoast-schema-graph\">{\"@context\":\"https:\\\/\\\/schema.org\",\"@graph\":[{\"@type\":\"WebPage\",\"@id\":\"https:\\\/\\\/dumoseguridad.com\\\/seguridad-opticas\\\/\",\"url\":\"https:\\\/\\\/dumoseguridad.com\\\/seguridad-opticas\\\/\",\"name\":\"Seguridad \u00d3pticas - DUMO Seguridad\",\"isPartOf\":{\"@id\":\"https:\\\/\\\/dumoseguridad.com\\\/#website\"},\"datePublished\":\"2023-08-03T05:03:30+00:00\",\"dateModified\":\"2025-06-13T10:23:40+00:00\",\"breadcrumb\":{\"@id\":\"https:\\\/\\\/dumoseguridad.com\\\/seguridad-opticas\\\/#breadcrumb\"},\"inLanguage\":\"en-GB\",\"potentialAction\":[{\"@type\":\"ReadAction\",\"target\":[\"https:\\\/\\\/dumoseguridad.com\\\/seguridad-opticas\\\/\"]}]},{\"@type\":\"BreadcrumbList\",\"@id\":\"https:\\\/\\\/dumoseguridad.com\\\/seguridad-opticas\\\/#breadcrumb\",\"itemListElement\":[{\"@type\":\"ListItem\",\"position\":1,\"name\":\"Portada\",\"item\":\"https:\\\/\\\/dumoseguridad.com\\\/\"},{\"@type\":\"ListItem\",\"position\":2,\"name\":\"Seguridad \u00d3pticas\"}]},{\"@type\":\"WebSite\",\"@id\":\"https:\\\/\\\/dumoseguridad.com\\\/#website\",\"url\":\"https:\\\/\\\/dumoseguridad.com\\\/\",\"name\":\"DUMO Seguridad\",\"description\":\"Sistemas de Seguridad Para Particulares y Empresas\",\"potentialAction\":[{\"@type\":\"SearchAction\",\"target\":{\"@type\":\"EntryPoint\",\"urlTemplate\":\"https:\\\/\\\/dumoseguridad.com\\\/?s={search_term_string}\"},\"query-input\":{\"@type\":\"PropertyValueSpecification\",\"valueRequired\":true,\"valueName\":\"search_term_string\"}}],\"inLanguage\":\"en-GB\"}]}<\/script>\n<!-- \/ Yoast SEO plugin. -->","yoast_head_json":{"title":"Optical Security - DUMO Security","robots":{"index":"index","follow":"follow","max-snippet":"max-snippet:-1","max-image-preview":"max-image-preview:large","max-video-preview":"max-video-preview:-1"},"canonical":"https:\/\/dumoseguridad.com\/en\/optical-security\/","og_locale":"en_GB","og_type":"article","og_title":"Seguridad \u00d3pticas - DUMO Seguridad","og_description":"SEGURIDAD \u00d3PTICAS Protegemos tu \u00f3ptica frente a robos y peque\u00f1o hurto. Solicita tu presupuesto Protegemos tu optica miestras descansa Nuestros sistemas de seguridad Hibridos y Cableados aportan un Grado de seguridad extra frente a intentos de Robo mientras la \u00f3ptica permanece cerrada. Gracias a la doble v\u00eda de comunicaci\u00f3n (IP+GPRS) nos aseguramos en todo momento [&hellip;]","og_url":"https:\/\/dumoseguridad.com\/en\/optical-security\/","og_site_name":"DUMO Seguridad","article_modified_time":"2025-06-13T10:23:40+00:00","twitter_card":"summary_large_image","twitter_misc":{"Estimated reading time":"1 minute"},"schema":{"@context":"https:\/\/schema.org","@graph":[{"@type":"WebPage","@id":"https:\/\/dumoseguridad.com\/seguridad-opticas\/","url":"https:\/\/dumoseguridad.com\/seguridad-opticas\/","name":"Optical Security - DUMO Security","isPartOf":{"@id":"https:\/\/dumoseguridad.com\/#website"},"datePublished":"2023-08-03T05:03:30+00:00","dateModified":"2025-06-13T10:23:40+00:00","breadcrumb":{"@id":"https:\/\/dumoseguridad.com\/seguridad-opticas\/#breadcrumb"},"inLanguage":"en-GB","potentialAction":[{"@type":"ReadAction","target":["https:\/\/dumoseguridad.com\/seguridad-opticas\/"]}]},{"@type":"BreadcrumbList","@id":"https:\/\/dumoseguridad.com\/seguridad-opticas\/#breadcrumb","itemListElement":[{"@type":"ListItem","position":1,"name":"Portada","item":"https:\/\/dumoseguridad.com\/"},{"@type":"ListItem","position":2,"name":"Seguridad \u00d3pticas"}]},{"@type":"WebSite","@id":"https:\/\/dumoseguridad.com\/#website","url":"https:\/\/dumoseguridad.com\/","name":"DUMO Security","description":"Security Systems For Individuals and Businesses","potentialAction":[{"@type":"SearchAction","target":{"@type":"EntryPoint","urlTemplate":"https:\/\/dumoseguridad.com\/?s={search_term_string}"},"query-input":{"@type":"PropertyValueSpecification","valueRequired":true,"valueName":"search_term_string"}}],"inLanguage":"en-GB"}]}},"_links":{"self":[{"href":"https:\/\/dumoseguridad.com\/en\/wp-json\/wp\/v2\/pages\/1918","targetHints":{"allow":["GET"]}}],"collection":[{"href":"https:\/\/dumoseguridad.com\/en\/wp-json\/wp\/v2\/pages"}],"about":[{"href":"https:\/\/dumoseguridad.com\/en\/wp-json\/wp\/v2\/types\/page"}],"author":[{"embeddable":true,"href":"https:\/\/dumoseguridad.com\/en\/wp-json\/wp\/v2\/users\/1"}],"replies":[{"embeddable":true,"href":"https:\/\/dumoseguridad.com\/en\/wp-json\/wp\/v2\/comments?post=1918"}],"version-history":[{"count":19,"href":"https:\/\/dumoseguridad.com\/en\/wp-json\/wp\/v2\/pages\/1918\/revisions"}],"predecessor-version":[{"id":3137,"href":"https:\/\/dumoseguridad.com\/en\/wp-json\/wp\/v2\/pages\/1918\/revisions\/3137"}],"wp:attachment":[{"href":"https:\/\/dumoseguridad.com\/en\/wp-json\/wp\/v2\/media?parent=1918"}],"curies":[{"name":"wp","href":"https:\/\/api.w.org\/{rel}","templated":true}]}}