{"id":669,"date":"2023-01-31T16:14:17","date_gmt":"2023-01-31T16:14:17","guid":{"rendered":"https:\/\/dumoseguridad.com\/?page_id=669"},"modified":"2023-02-09T16:56:23","modified_gmt":"2023-02-09T16:56:23","slug":"quality-policy","status":"publish","type":"page","link":"https:\/\/dumoseguridad.com\/en\/quality-policy\/","title":{"rendered":"Quality Policy"},"content":{"rendered":"<div data-elementor-type=\"wp-page\" data-elementor-id=\"669\" class=\"elementor elementor-669\" data-elementor-post-type=\"page\">\n\t\t\t\t\t\t<section class=\"elementor-section elementor-top-section elementor-element elementor-element-d7647f0 elementor-section-boxed elementor-section-height-default elementor-section-height-default\" data-id=\"d7647f0\" data-element_type=\"section\" data-e-type=\"section\">\n\t\t\t\t\t\t<div class=\"elementor-container elementor-column-gap-default\">\n\t\t\t\t\t<div class=\"elementor-column elementor-col-100 elementor-top-column elementor-element elementor-element-6615294\" data-id=\"6615294\" data-element_type=\"column\" data-e-type=\"column\">\n\t\t\t<div class=\"elementor-widget-wrap elementor-element-populated\">\n\t\t\t\t\t\t<div class=\"elementor-element elementor-element-1bcf611 elementor-widget elementor-widget-text-editor\" data-id=\"1bcf611\" data-element_type=\"widget\" data-e-type=\"widget\" data-widget_type=\"text-editor.default\">\n\t\t\t\t\t\t\t\t\t<h1>Quality policy<\/h1><div>At <b>DUMO SECURITY, SL\u00a0<\/b>we are specialists in electronic security systems for both individuals and companies. We also install and maintain fire protection systems.<\/div><div>The activity that DUMO SEGURIDAD, SL considers to be in accordance with the quality required by the International Standard ISO 9001:2015 is:<\/div><div>\u00a0<\/div><div><ul><li>Sale, installation and maintenance of passive security systems.<\/li><li>Sale, installation and maintenance of fire hydrants (BIES).<\/li><li>Sale, installation and maintenance of mobile and portable powder, water and CO2 extinguishers.<\/li><li>Sale, installation and maintenance of automatic and manual fire detection and fire alarm systems.<\/li><\/ul><\/div><div>\u00a0<\/div><div><b>Our Quality Policy includes the following guidelines:<\/b><\/div><div>1. To offer a wide range of systems and services with the aim of adapting to the specific needs of each client.<\/div><div>2. To offer an efficient, high quality and customer-oriented integral service, based on our experience of more than 20 years in the sector.<\/div><div>3. To offer a service of proximity to our customers.<\/div><div>4. Commitment to meeting the explicit and implicit demands, requirements and expectations of our customers, as well as legal and regulatory requirements.<\/div><div>5. Commitment to continuous improvement of the management system implemented in the company.<\/div><div>6. To have competent, qualified and committed personnel to comply with legal requirements and those of our clients.<\/div><div>7. To have the most advanced equipment and technologies in the sector.<\/div><div>8. To obtain customer satisfaction by offering a service with the maximum guarantee of quality in order to gain their trust and maintain it over time. The Management makes this policy accessible and makes it available to its customers, all its employees, suppliers and other interested parties.<\/div><div>\u00a0<\/div><div>The Policy is kept up to date by means of periodic reviews, coinciding with management reviews of the system, in order to take into account changes in environmental conditions and information received. In this sense, the management provides and will provide all the human, technical and economic means necessary to achieve the objectives and goals that are established on a programmed and periodic basis.\u00a0<\/div>\t\t\t\t\t\t\t\t<\/div>\n\t\t\t\t\t<\/div>\n\t\t<\/div>\n\t\t\t\t\t<\/div>\n\t\t<\/section>\n\t\t\t\t<\/div>","protected":false},"excerpt":{"rendered":"<p>Pol\u00edtica de calidad En DUMO SEGURIDAD, SL\u00a0somos especialistas en sistemas de seguridad electr\u00f3nica dirigidos tanto a particulares como a empresas. Tambi\u00e9n realizamos instalaci\u00f3n y mantenimiento de Sistemas de Protecci\u00f3n Contra incendios.La actividad que DUMO SEGURIDAD, SL considera conforme a la calidad exigida seg\u00fan la Norma Internacional ISO 9001:2015 es:\u00a0 Venta, instalaci\u00f3n y mantenimiento de sistemas [&hellip;]<\/p>\n","protected":false},"author":1,"featured_media":0,"parent":0,"menu_order":0,"comment_status":"closed","ping_status":"closed","template":"elementor_header_footer","meta":{"_yoast_wpseo_focuskw":"","_yoast_wpseo_title":"","_yoast_wpseo_metadesc":"","rank_math_title":"","rank_math_description":"","rank_math_focus_keyword":"","_joinchat":[],"footnotes":""},"class_list":["post-669","page","type-page","status-publish","hentry"],"yoast_head":"<!-- This site is optimized with the Yoast SEO plugin v27.6 - https:\/\/yoast.com\/product\/yoast-seo-wordpress\/ -->\n<title>Pol\u00edtica de Calidad - DUMO Seguridad<\/title>\n<meta name=\"robots\" content=\"index, follow, max-snippet:-1, max-image-preview:large, max-video-preview:-1\" \/>\n<link rel=\"canonical\" href=\"https:\/\/dumoseguridad.com\/en\/quality-policy\/\" \/>\n<meta property=\"og:locale\" content=\"en_GB\" \/>\n<meta property=\"og:type\" content=\"article\" \/>\n<meta property=\"og:title\" content=\"Pol\u00edtica de Calidad - DUMO Seguridad\" \/>\n<meta property=\"og:description\" content=\"Pol\u00edtica de calidad En DUMO SEGURIDAD, SL\u00a0somos especialistas en sistemas de seguridad electr\u00f3nica dirigidos tanto a particulares como a empresas. Tambi\u00e9n realizamos instalaci\u00f3n y mantenimiento de Sistemas de Protecci\u00f3n Contra incendios.La actividad que DUMO SEGURIDAD, SL considera conforme a la calidad exigida seg\u00fan la Norma Internacional ISO 9001:2015 es:\u00a0 Venta, instalaci\u00f3n y mantenimiento de sistemas [&hellip;]\" \/>\n<meta property=\"og:url\" content=\"https:\/\/dumoseguridad.com\/en\/quality-policy\/\" \/>\n<meta property=\"og:site_name\" content=\"DUMO Seguridad\" \/>\n<meta property=\"article:modified_time\" content=\"2023-02-09T16:56:23+00:00\" \/>\n<meta name=\"twitter:card\" content=\"summary_large_image\" \/>\n<meta name=\"twitter:label1\" content=\"Estimated reading time\" \/>\n\t<meta name=\"twitter:data1\" content=\"2 minutes\" \/>\n<script type=\"application\/ld+json\" class=\"yoast-schema-graph\">{\"@context\":\"https:\\\/\\\/schema.org\",\"@graph\":[{\"@type\":\"WebPage\",\"@id\":\"https:\\\/\\\/dumoseguridad.com\\\/politica-de-calidad\\\/\",\"url\":\"https:\\\/\\\/dumoseguridad.com\\\/politica-de-calidad\\\/\",\"name\":\"Pol\u00edtica de Calidad - DUMO Seguridad\",\"isPartOf\":{\"@id\":\"https:\\\/\\\/dumoseguridad.com\\\/#website\"},\"datePublished\":\"2023-01-31T16:14:17+00:00\",\"dateModified\":\"2023-02-09T16:56:23+00:00\",\"breadcrumb\":{\"@id\":\"https:\\\/\\\/dumoseguridad.com\\\/politica-de-calidad\\\/#breadcrumb\"},\"inLanguage\":\"en-GB\",\"potentialAction\":[{\"@type\":\"ReadAction\",\"target\":[\"https:\\\/\\\/dumoseguridad.com\\\/politica-de-calidad\\\/\"]}]},{\"@type\":\"BreadcrumbList\",\"@id\":\"https:\\\/\\\/dumoseguridad.com\\\/politica-de-calidad\\\/#breadcrumb\",\"itemListElement\":[{\"@type\":\"ListItem\",\"position\":1,\"name\":\"Portada\",\"item\":\"https:\\\/\\\/dumoseguridad.com\\\/\"},{\"@type\":\"ListItem\",\"position\":2,\"name\":\"Pol\u00edtica de Calidad\"}]},{\"@type\":\"WebSite\",\"@id\":\"https:\\\/\\\/dumoseguridad.com\\\/#website\",\"url\":\"https:\\\/\\\/dumoseguridad.com\\\/\",\"name\":\"DUMO Seguridad\",\"description\":\"Sistemas de Seguridad Para Particulares y Empresas\",\"potentialAction\":[{\"@type\":\"SearchAction\",\"target\":{\"@type\":\"EntryPoint\",\"urlTemplate\":\"https:\\\/\\\/dumoseguridad.com\\\/?s={search_term_string}\"},\"query-input\":{\"@type\":\"PropertyValueSpecification\",\"valueRequired\":true,\"valueName\":\"search_term_string\"}}],\"inLanguage\":\"en-GB\"}]}<\/script>\n<!-- \/ Yoast SEO plugin. -->","yoast_head_json":{"title":"Quality Policy - DUMO Security","robots":{"index":"index","follow":"follow","max-snippet":"max-snippet:-1","max-image-preview":"max-image-preview:large","max-video-preview":"max-video-preview:-1"},"canonical":"https:\/\/dumoseguridad.com\/en\/quality-policy\/","og_locale":"en_GB","og_type":"article","og_title":"Pol\u00edtica de Calidad - DUMO Seguridad","og_description":"Pol\u00edtica de calidad En DUMO SEGURIDAD, SL\u00a0somos especialistas en sistemas de seguridad electr\u00f3nica dirigidos tanto a particulares como a empresas. Tambi\u00e9n realizamos instalaci\u00f3n y mantenimiento de Sistemas de Protecci\u00f3n Contra incendios.La actividad que DUMO SEGURIDAD, SL considera conforme a la calidad exigida seg\u00fan la Norma Internacional ISO 9001:2015 es:\u00a0 Venta, instalaci\u00f3n y mantenimiento de sistemas [&hellip;]","og_url":"https:\/\/dumoseguridad.com\/en\/quality-policy\/","og_site_name":"DUMO Seguridad","article_modified_time":"2023-02-09T16:56:23+00:00","twitter_card":"summary_large_image","twitter_misc":{"Estimated reading time":"2 minutes"},"schema":{"@context":"https:\/\/schema.org","@graph":[{"@type":"WebPage","@id":"https:\/\/dumoseguridad.com\/politica-de-calidad\/","url":"https:\/\/dumoseguridad.com\/politica-de-calidad\/","name":"Quality Policy - DUMO Security","isPartOf":{"@id":"https:\/\/dumoseguridad.com\/#website"},"datePublished":"2023-01-31T16:14:17+00:00","dateModified":"2023-02-09T16:56:23+00:00","breadcrumb":{"@id":"https:\/\/dumoseguridad.com\/politica-de-calidad\/#breadcrumb"},"inLanguage":"en-GB","potentialAction":[{"@type":"ReadAction","target":["https:\/\/dumoseguridad.com\/politica-de-calidad\/"]}]},{"@type":"BreadcrumbList","@id":"https:\/\/dumoseguridad.com\/politica-de-calidad\/#breadcrumb","itemListElement":[{"@type":"ListItem","position":1,"name":"Portada","item":"https:\/\/dumoseguridad.com\/"},{"@type":"ListItem","position":2,"name":"Pol\u00edtica de Calidad"}]},{"@type":"WebSite","@id":"https:\/\/dumoseguridad.com\/#website","url":"https:\/\/dumoseguridad.com\/","name":"DUMO Security","description":"Security Systems For Individuals and Businesses","potentialAction":[{"@type":"SearchAction","target":{"@type":"EntryPoint","urlTemplate":"https:\/\/dumoseguridad.com\/?s={search_term_string}"},"query-input":{"@type":"PropertyValueSpecification","valueRequired":true,"valueName":"search_term_string"}}],"inLanguage":"en-GB"}]}},"_links":{"self":[{"href":"https:\/\/dumoseguridad.com\/en\/wp-json\/wp\/v2\/pages\/669","targetHints":{"allow":["GET"]}}],"collection":[{"href":"https:\/\/dumoseguridad.com\/en\/wp-json\/wp\/v2\/pages"}],"about":[{"href":"https:\/\/dumoseguridad.com\/en\/wp-json\/wp\/v2\/types\/page"}],"author":[{"embeddable":true,"href":"https:\/\/dumoseguridad.com\/en\/wp-json\/wp\/v2\/users\/1"}],"replies":[{"embeddable":true,"href":"https:\/\/dumoseguridad.com\/en\/wp-json\/wp\/v2\/comments?post=669"}],"version-history":[{"count":9,"href":"https:\/\/dumoseguridad.com\/en\/wp-json\/wp\/v2\/pages\/669\/revisions"}],"predecessor-version":[{"id":1181,"href":"https:\/\/dumoseguridad.com\/en\/wp-json\/wp\/v2\/pages\/669\/revisions\/1181"}],"wp:attachment":[{"href":"https:\/\/dumoseguridad.com\/en\/wp-json\/wp\/v2\/media?parent=669"}],"curies":[{"name":"wp","href":"https:\/\/api.w.org\/{rel}","templated":true}]}}