{"id":95,"date":"2023-01-09T16:34:43","date_gmt":"2023-01-09T16:34:43","guid":{"rendered":"https:\/\/dumoseguridad.com\/?page_id=95"},"modified":"2023-02-09T16:41:13","modified_gmt":"2023-02-09T16:41:13","slug":"cybersecurity","status":"publish","type":"page","link":"https:\/\/dumoseguridad.com\/en\/cybersecurity\/","title":{"rendered":"Cybersecurity"},"content":{"rendered":"\t\t<div data-elementor-type=\"wp-page\" data-elementor-id=\"95\" class=\"elementor elementor-95\" data-elementor-post-type=\"page\">\n\t\t\t\t\t\t<section class=\"elementor-section elementor-top-section elementor-element elementor-element-f63fb4e elementor-section-height-min-height elementor-section-boxed elementor-section-height-default elementor-section-items-middle\" data-id=\"f63fb4e\" data-element_type=\"section\" data-e-type=\"section\" data-settings=\"{&quot;background_background&quot;:&quot;classic&quot;}\">\n\t\t\t\t\t\t\t<div class=\"elementor-background-overlay\"><\/div>\n\t\t\t\t\t\t\t<div class=\"elementor-container elementor-column-gap-default\">\n\t\t\t\t\t<div class=\"elementor-column elementor-col-100 elementor-top-column elementor-element elementor-element-b1f4e08\" data-id=\"b1f4e08\" data-element_type=\"column\" data-e-type=\"column\">\n\t\t\t<div class=\"elementor-widget-wrap elementor-element-populated\">\n\t\t\t\t\t\t<div class=\"elementor-element elementor-element-389faaf elementor-widget elementor-widget-heading\" data-id=\"389faaf\" data-element_type=\"widget\" data-e-type=\"widget\" data-widget_type=\"heading.default\">\n\t\t\t\t\t<h1 class=\"elementor-heading-title elementor-size-default\">Ciberseguridad Badalona<\/h1>\t\t\t\t<\/div>\n\t\t\t\t<div class=\"elementor-element elementor-element-624cc3d elementor-widget elementor-widget-heading\" data-id=\"624cc3d\" data-element_type=\"widget\" data-e-type=\"widget\" data-widget_type=\"heading.default\">\n\t\t\t\t\t<p class=\"elementor-heading-title elementor-size-default\">DUMO lidera el esfuerzo para mejorar la seguridad, resistencia y fiabilidad de la infraestructura de comunicaciones y ciberseguridad de empresas en Barcelona.<\/p>\t\t\t\t<\/div>\n\t\t\t\t\t<\/div>\n\t\t<\/div>\n\t\t\t\t\t<\/div>\n\t\t<\/section>\n\t\t\t\t<section class=\"elementor-section elementor-top-section elementor-element elementor-element-168df84 elementor-section-boxed elementor-section-height-default elementor-section-height-default\" data-id=\"168df84\" data-element_type=\"section\" data-e-type=\"section\">\n\t\t\t\t\t\t<div class=\"elementor-container elementor-column-gap-default\">\n\t\t\t\t\t<div class=\"elementor-column elementor-col-33 elementor-top-column elementor-element elementor-element-bf7b83f\" data-id=\"bf7b83f\" data-element_type=\"column\" data-e-type=\"column\">\n\t\t\t<div class=\"elementor-widget-wrap elementor-element-populated\">\n\t\t\t\t\t\t<div class=\"elementor-element elementor-element-dfc97ee elementor-invisible elementor-widget elementor-widget-heading\" data-id=\"dfc97ee\" data-element_type=\"widget\" data-e-type=\"widget\" data-settings=\"{&quot;_animation&quot;:&quot;fadeInUp&quot;}\" data-widget_type=\"heading.default\">\n\t\t\t\t\t<h2 class=\"elementor-heading-title elementor-size-default\">Hacking \u00e9tico para empresas Badalona<\/h2>\t\t\t\t<\/div>\n\t\t\t\t\t<\/div>\n\t\t<\/div>\n\t\t\t\t<div class=\"elementor-column elementor-col-66 elementor-top-column elementor-element elementor-element-a1072d8\" data-id=\"a1072d8\" data-element_type=\"column\" data-e-type=\"column\">\n\t\t\t<div class=\"elementor-widget-wrap elementor-element-populated\">\n\t\t\t\t\t\t<div class=\"elementor-element elementor-element-3ef552a elementor-widget elementor-widget-jkit_feature_list\" data-id=\"3ef552a\" data-element_type=\"widget\" data-e-type=\"widget\" data-widget_type=\"jkit_feature_list.default\">\n\t\t\t\t\t<div  class=\"jeg-elementor-kit jkit-feature-list icon-position-left icon-position-left icon-position-left jeg_module___69f25c6c02c46\" ><ul class=\"feature-list-items shape-circle shape-view-stacked \"><li class=\"feature-list-item elementor-repeater-item-a85435b\">\n\t\t\t\t\n\t\t\t\t<div class=\"feature-list-icon-box\">\n\t\t\t\t\t<div class=\"feature-list-icon-inner\">\n\t\t\t\t\t\t<span class=\"feature-list-icon\">\n\t\t\t\t\t\t\t<svg aria-hidden=\"true\" class=\"e-font-icon-svg e-fas-check\" viewBox=\"0 0 512 512\" xmlns=\"http:\/\/www.w3.org\/2000\/svg\"><path d=\"M173.898 439.404l-166.4-166.4c-9.997-9.997-9.997-26.206 0-36.204l36.203-36.204c9.997-9.998 26.207-9.998 36.204 0L192 312.69 432.095 72.596c9.997-9.997 26.207-9.997 36.204 0l36.203 36.204c9.997 9.997 9.997 26.206 0 36.204l-294.4 294.401c-9.998 9.997-26.207 9.997-36.204-.001z\"><\/path><\/svg>\n\t\t\t\t\t\t<\/span>\n\t\t\t\t\t<\/div>\n\t\t\t\t<\/div>\n\t\t\t\t<div class=\"feature-list-content-box\">\n\t\t\t\t\t<h3 class=\"feature-list-title\">Auditor\u00eda de ciberseguridad o Pentest de\u00a0hacking\u00a0\u00e9tico externo con el objetivo de detectar fallas en los equipos del cliente, o informaci\u00f3n expuesta en internet que pueda afectar a la reputaci\u00f3n del cliente.<\/h3>\n\t\t\t\t<\/div>\n\t\t\t<\/li><li class=\"feature-list-item elementor-repeater-item-928b7af\">\n\t\t\t\t\n\t\t\t\t<div class=\"feature-list-icon-box\">\n\t\t\t\t\t<div class=\"feature-list-icon-inner\">\n\t\t\t\t\t\t<span class=\"feature-list-icon\">\n\t\t\t\t\t\t\t<svg aria-hidden=\"true\" class=\"e-font-icon-svg e-fas-check\" viewBox=\"0 0 512 512\" xmlns=\"http:\/\/www.w3.org\/2000\/svg\"><path d=\"M173.898 439.404l-166.4-166.4c-9.997-9.997-9.997-26.206 0-36.204l36.203-36.204c9.997-9.998 26.207-9.998 36.204 0L192 312.69 432.095 72.596c9.997-9.997 26.207-9.997 36.204 0l36.203 36.204c9.997 9.997 9.997 26.206 0 36.204l-294.4 294.401c-9.998 9.997-26.207 9.997-36.204-.001z\"><\/path><\/svg>\n\t\t\t\t\t\t<\/span>\n\t\t\t\t\t<\/div>\n\t\t\t\t<\/div>\n\t\t\t\t<div class=\"feature-list-content-box\">\n\t\t\t\t\t<h3 class=\"feature-list-title\">Auditor\u00eda de los sistemas perimetrales con el objetivo de detectar decadencias en la configuraci\u00f3n que puedan dar paso a un ataque o vulnerabilidad.<\/h3>\n\t\t\t\t<\/div>\n\t\t\t<\/li><li class=\"feature-list-item elementor-repeater-item-bbfa969\">\n\t\t\t\t\n\t\t\t\t<div class=\"feature-list-icon-box\">\n\t\t\t\t\t<div class=\"feature-list-icon-inner\">\n\t\t\t\t\t\t<span class=\"feature-list-icon\">\n\t\t\t\t\t\t\t<svg aria-hidden=\"true\" class=\"e-font-icon-svg e-fas-check\" viewBox=\"0 0 512 512\" xmlns=\"http:\/\/www.w3.org\/2000\/svg\"><path d=\"M173.898 439.404l-166.4-166.4c-9.997-9.997-9.997-26.206 0-36.204l36.203-36.204c9.997-9.998 26.207-9.998 36.204 0L192 312.69 432.095 72.596c9.997-9.997 26.207-9.997 36.204 0l36.203 36.204c9.997 9.997 9.997 26.206 0 36.204l-294.4 294.401c-9.998 9.997-26.207 9.997-36.204-.001z\"><\/path><\/svg>\n\t\t\t\t\t\t<\/span>\n\t\t\t\t\t<\/div>\n\t\t\t\t<\/div>\n\t\t\t\t<div class=\"feature-list-content-box\">\n\t\t\t\t\t<h3 class=\"feature-list-title\">Auditor\u00eda de aplicaciones m\u00f3viles (IOS, Android)<\/h3>\n\t\t\t\t<\/div>\n\t\t\t<\/li><li class=\"feature-list-item elementor-repeater-item-d65b6aa\">\n\t\t\t\t\n\t\t\t\t<div class=\"feature-list-icon-box\">\n\t\t\t\t\t<div class=\"feature-list-icon-inner\">\n\t\t\t\t\t\t<span class=\"feature-list-icon\">\n\t\t\t\t\t\t\t<svg aria-hidden=\"true\" class=\"e-font-icon-svg e-fas-check\" viewBox=\"0 0 512 512\" xmlns=\"http:\/\/www.w3.org\/2000\/svg\"><path d=\"M173.898 439.404l-166.4-166.4c-9.997-9.997-9.997-26.206 0-36.204l36.203-36.204c9.997-9.998 26.207-9.998 36.204 0L192 312.69 432.095 72.596c9.997-9.997 26.207-9.997 36.204 0l36.203 36.204c9.997 9.997 9.997 26.206 0 36.204l-294.4 294.401c-9.998 9.997-26.207 9.997-36.204-.001z\"><\/path><\/svg>\n\t\t\t\t\t\t<\/span>\n\t\t\t\t\t<\/div>\n\t\t\t\t<\/div>\n\t\t\t\t<div class=\"feature-list-content-box\">\n\t\t\t\t\t<h3 class=\"feature-list-title\">An\u00e1lisis forense de sistemas.<\/h3>\n\t\t\t\t<\/div>\n\t\t\t<\/li><li class=\"feature-list-item elementor-repeater-item-099dde3\">\n\t\t\t\t\n\t\t\t\t<div class=\"feature-list-icon-box\">\n\t\t\t\t\t<div class=\"feature-list-icon-inner\">\n\t\t\t\t\t\t<span class=\"feature-list-icon\">\n\t\t\t\t\t\t\t<svg aria-hidden=\"true\" class=\"e-font-icon-svg e-fas-check\" viewBox=\"0 0 512 512\" xmlns=\"http:\/\/www.w3.org\/2000\/svg\"><path d=\"M173.898 439.404l-166.4-166.4c-9.997-9.997-9.997-26.206 0-36.204l36.203-36.204c9.997-9.998 26.207-9.998 36.204 0L192 312.69 432.095 72.596c9.997-9.997 26.207-9.997 36.204 0l36.203 36.204c9.997 9.997 9.997 26.206 0 36.204l-294.4 294.401c-9.998 9.997-26.207 9.997-36.204-.001z\"><\/path><\/svg>\n\t\t\t\t\t\t<\/span>\n\t\t\t\t\t<\/div>\n\t\t\t\t<\/div>\n\t\t\t\t<div class=\"feature-list-content-box\">\n\t\t\t\t\t<h3 class=\"feature-list-title\">Auditor\u00eda de p\u00e1ginas Webs.<\/h3>\n\t\t\t\t<\/div>\n\t\t\t<\/li><li class=\"feature-list-item elementor-repeater-item-c518115\">\n\t\t\t\t\n\t\t\t\t<div class=\"feature-list-icon-box\">\n\t\t\t\t\t<div class=\"feature-list-icon-inner\">\n\t\t\t\t\t\t<span class=\"feature-list-icon\">\n\t\t\t\t\t\t\t<svg aria-hidden=\"true\" class=\"e-font-icon-svg e-fas-check\" viewBox=\"0 0 512 512\" xmlns=\"http:\/\/www.w3.org\/2000\/svg\"><path d=\"M173.898 439.404l-166.4-166.4c-9.997-9.997-9.997-26.206 0-36.204l36.203-36.204c9.997-9.998 26.207-9.998 36.204 0L192 312.69 432.095 72.596c9.997-9.997 26.207-9.997 36.204 0l36.203 36.204c9.997 9.997 9.997 26.206 0 36.204l-294.4 294.401c-9.998 9.997-26.207 9.997-36.204-.001z\"><\/path><\/svg>\n\t\t\t\t\t\t<\/span>\n\t\t\t\t\t<\/div>\n\t\t\t\t<\/div>\n\t\t\t\t<div class=\"feature-list-content-box\">\n\t\t\t\t\t<h3 class=\"feature-list-title\">Auditor\u00eda interna o Pentest de\u00a0hacking\u00a0\u00e9tico a la red interna con el objetivo de comprobar si las pol\u00edticas de seguridad est\u00e1n correctamente configuradas para evitar escalada de privilegios, movimientos laterales o vulnerabilidades de configuraci\u00f3n o vulnerabilidades de software.<\/h3>\n\t\t\t\t<\/div>\n\t\t\t<\/li><\/ul><\/div>\t\t\t\t<\/div>\n\t\t\t\t\t<\/div>\n\t\t<\/div>\n\t\t\t\t\t<\/div>\n\t\t<\/section>\n\t\t\t\t<section class=\"elementor-section elementor-top-section elementor-element elementor-element-6339fe2 elementor-section-height-min-height elementor-section-boxed elementor-section-height-default elementor-section-items-middle\" data-id=\"6339fe2\" data-element_type=\"section\" data-e-type=\"section\" data-settings=\"{&quot;background_background&quot;:&quot;classic&quot;}\">\n\t\t\t\t\t\t<div class=\"elementor-container elementor-column-gap-default\">\n\t\t\t\t\t<div class=\"elementor-column elementor-col-100 elementor-top-column elementor-element elementor-element-1e6d4be\" data-id=\"1e6d4be\" data-element_type=\"column\" data-e-type=\"column\">\n\t\t\t<div class=\"elementor-widget-wrap elementor-element-populated\">\n\t\t\t\t\t\t<section class=\"elementor-section elementor-inner-section elementor-element elementor-element-77cea61 elementor-section-boxed elementor-section-height-default elementor-section-height-default\" data-id=\"77cea61\" data-element_type=\"section\" data-e-type=\"section\">\n\t\t\t\t\t\t<div class=\"elementor-container elementor-column-gap-default\">\n\t\t\t\t\t<div class=\"elementor-column elementor-col-100 elementor-inner-column elementor-element elementor-element-3b76a2a\" data-id=\"3b76a2a\" data-element_type=\"column\" data-e-type=\"column\" data-settings=\"{&quot;background_background&quot;:&quot;classic&quot;}\">\n\t\t\t<div class=\"elementor-widget-wrap elementor-element-populated\">\n\t\t\t\t\t\t<div class=\"elementor-element elementor-element-2b6f18c elementor-invisible elementor-widget elementor-widget-heading\" data-id=\"2b6f18c\" data-element_type=\"widget\" data-e-type=\"widget\" data-settings=\"{&quot;_animation&quot;:&quot;fadeInUp&quot;}\" data-widget_type=\"heading.default\">\n\t\t\t\t\t<h3 class=\"elementor-heading-title elementor-size-default\">Facil\u00edtenos sus datos y un asesor de seguridad se pondr\u00e1 en contacto con Ud.<\/h3>\t\t\t\t<\/div>\n\t\t\t\t<div class=\"elementor-element elementor-element-f7c14bc elementor-button-align-stretch elementor-widget elementor-widget-form\" data-id=\"f7c14bc\" data-element_type=\"widget\" data-e-type=\"widget\" data-settings=\"{&quot;step_next_label&quot;:&quot;Next&quot;,&quot;step_previous_label&quot;:&quot;Previous&quot;,&quot;button_width&quot;:&quot;100&quot;,&quot;step_type&quot;:&quot;number_text&quot;,&quot;step_icon_shape&quot;:&quot;circle&quot;}\" data-widget_type=\"form.default\">\n\t\t\t\t\t\t\t<form class=\"elementor-form\" method=\"post\" name=\"New Form\" aria-label=\"New Form\">\r\n\t\t\t<input type=\"hidden\" name=\"post_id\" value=\"95\"\/>\r\n\t\t\t<input type=\"hidden\" name=\"form_id\" value=\"f7c14bc\"\/>\r\n\t\t\t<input type=\"hidden\" name=\"referer_title\" value=\"Ciberseguridad - DUMO Seguridad\" \/>\r\n\r\n\t\t\t\t\t\t\t<input type=\"hidden\" name=\"queried_id\" value=\"95\"\/>\r\n\t\t\t\r\n\t\t\t<div class=\"elementor-form-fields-wrapper elementor-labels-\">\r\n\t\t\t\t\t\t\t\t<div class=\"elementor-field-type-text elementor-field-group elementor-column elementor-field-group-name elementor-col-100\">\r\n\t\t\t\t\t\t\t\t\t\t\t\t\t<input size=\"1\" type=\"text\" name=\"form_fields[name]\" id=\"form-field-name\" class=\"elementor-field elementor-size-md  elementor-field-textual\" placeholder=\"Nombre\">\r\n\t\t\t\t\t\t\t\t\t\t\t<\/div>\r\n\t\t\t\t\t\t\t\t<div class=\"elementor-field-type-number elementor-field-group elementor-column elementor-field-group-field_2356588 elementor-col-100\">\r\n\t\t\t\t\t\t\t\t<input type=\"number\" name=\"form_fields[field_2356588]\" id=\"form-field-field_2356588\" class=\"elementor-field elementor-size-md  elementor-field-textual\" placeholder=\"Tel\u00e9fono\" min=\"\" max=\"\" >\r\n\t\t\t\t\t\t<\/div>\r\n\t\t\t\t\t\t\t\t<div class=\"elementor-field-type-email elementor-field-group elementor-column elementor-field-group-email elementor-col-100 elementor-field-required\">\r\n\t\t\t\t\t\t\t\t\t\t\t\t\t<input size=\"1\" type=\"email\" name=\"form_fields[email]\" id=\"form-field-email\" class=\"elementor-field elementor-size-md  elementor-field-textual\" placeholder=\"Email\" required=\"required\">\r\n\t\t\t\t\t\t\t\t\t\t\t<\/div>\r\n\t\t\t\t\t\t\t\t<div class=\"elementor-field-type-textarea elementor-field-group elementor-column elementor-field-group-message elementor-col-100\">\r\n\t\t\t\t\t<textarea class=\"elementor-field-textual elementor-field  elementor-size-md\" name=\"form_fields[message]\" id=\"form-field-message\" rows=\"4\" placeholder=\"Mensaje\"><\/textarea>\t\t\t\t<\/div>\r\n\t\t\t\t\t\t\t\t<div class=\"elementor-field-group elementor-column elementor-field-type-submit elementor-col-100 e-form__buttons\">\r\n\t\t\t\t\t<button class=\"elementor-button elementor-size-md\" type=\"submit\">\r\n\t\t\t\t\t\t<span class=\"elementor-button-content-wrapper\">\r\n\t\t\t\t\t\t\t\t\t\t\t\t\t\t\t<span class=\"elementor-button-icon\">\r\n\t\t\t\t\t\t\t\t\t<i class=\"fa fa-send\" aria-hidden=\"true\"><\/i>\t\t\t\t\t\t\t\t\t\t\t\t\t\t\t\t\t<\/span>\r\n\t\t\t\t\t\t\t\t\t\t\t\t\t\t\t\t\t\t\t\t\t\t<span class=\"elementor-button-text\">Enviar mensaje<\/span>\r\n\t\t\t\t\t\t\t\t\t\t\t\t\t<\/span>\r\n\t\t\t\t\t<\/button>\r\n\t\t\t\t<\/div>\r\n\t\t\t<\/div>\r\n\t\t<\/form>\r\n\t\t\t\t\t\t<\/div>\n\t\t\t\t<div class=\"elementor-element elementor-element-4c244d2 elementor-widget elementor-widget-text-editor\" data-id=\"4c244d2\" data-element_type=\"widget\" data-e-type=\"widget\" data-widget_type=\"text-editor.default\">\n\t\t\t\t\t\t\t\t\t<p>Responsable: Identidad: DUMO SEGURIDAD, S.L. &#8211; NIF: B-65445983.\u00a0 Dir. postal:\u00a0C\/ Electr\u00f3nica, 9, 08915 Badalona\u00a0Tel\u00e9fono:\u00a093 127 26 02;\u00a0Correo elect:\u00a0<a href=\"mailto:nroca@icamat.org\" target=\"_blank\" rel=\"noopener\">administracion@dumoseguridad.com<\/a>\u00a0<u><\/u><u><\/u>\u201cEn nombre de la empresa tratamos la informaci\u00f3n que nos facilita con el fin de enviarle publicidad relacionada con nuestros productos y servicios por cualquier medio (postal, email o tel\u00e9fono) e invitarle a eventos organizados por la empresa. Los datos proporcionados se conservar\u00e1n mientras no solicite el cese de la actividad. Los datos no se ceder\u00e1n a terceros salvo en los casos en que exista una obligaci\u00f3n legal. Usted tiene derecho a obtener confirmaci\u00f3n sobre si en DUMO SEGURIDAD, S.L. estamos tratando sus datos personales por tanto tiene derecho a acceder a sus datos personales, rectificar los datos inexacto o solicitar su supresi\u00f3n cuando los datos ya no sean necesarios para los fines que fueron recogidos<\/p>\t\t\t\t\t\t\t\t<\/div>\n\t\t\t\t\t<\/div>\n\t\t<\/div>\n\t\t\t\t\t<\/div>\n\t\t<\/section>\n\t\t\t\t\t<\/div>\n\t\t<\/div>\n\t\t\t\t\t<\/div>\n\t\t<\/section>\n\t\t\t\t<\/div>\n\t\t","protected":false},"excerpt":{"rendered":"<p>Ciberseguridad Badalona DUMO lidera el esfuerzo para mejorar la seguridad, resistencia y fiabilidad de la infraestructura de comunicaciones y ciberseguridad de empresas en Barcelona. Hacking \u00e9tico para empresas Badalona Auditor\u00eda de ciberseguridad o Pentest de\u00a0hacking\u00a0\u00e9tico externo con el objetivo de detectar fallas en los equipos del cliente, o informaci\u00f3n expuesta en internet que pueda afectar [&hellip;]<\/p>\n","protected":false},"author":1,"featured_media":0,"parent":0,"menu_order":0,"comment_status":"closed","ping_status":"closed","template":"elementor_header_footer","meta":{"_yoast_wpseo_focuskw":"","_yoast_wpseo_title":"","_yoast_wpseo_metadesc":"","rank_math_title":"","rank_math_description":"","rank_math_focus_keyword":"","_joinchat":[],"footnotes":""},"class_list":["post-95","page","type-page","status-publish","hentry"],"yoast_head":"<!-- This site is optimized with the Yoast SEO plugin v27.4 - https:\/\/yoast.com\/product\/yoast-seo-wordpress\/ -->\n<title>Ciberseguridad - DUMO Seguridad<\/title>\n<meta name=\"robots\" content=\"index, follow, max-snippet:-1, max-image-preview:large, max-video-preview:-1\" \/>\n<link rel=\"canonical\" href=\"https:\/\/dumoseguridad.com\/en\/cybersecurity\/\" \/>\n<meta property=\"og:locale\" content=\"en_GB\" \/>\n<meta property=\"og:type\" content=\"article\" \/>\n<meta property=\"og:title\" content=\"Ciberseguridad - DUMO Seguridad\" \/>\n<meta property=\"og:description\" content=\"Ciberseguridad Badalona DUMO lidera el esfuerzo para mejorar la seguridad, resistencia y fiabilidad de la infraestructura de comunicaciones y ciberseguridad de empresas en Barcelona. Hacking \u00e9tico para empresas Badalona Auditor\u00eda de ciberseguridad o Pentest de\u00a0hacking\u00a0\u00e9tico externo con el objetivo de detectar fallas en los equipos del cliente, o informaci\u00f3n expuesta en internet que pueda afectar [&hellip;]\" \/>\n<meta property=\"og:url\" content=\"https:\/\/dumoseguridad.com\/en\/cybersecurity\/\" \/>\n<meta property=\"og:site_name\" content=\"DUMO Seguridad\" \/>\n<meta property=\"article:modified_time\" content=\"2023-02-09T16:41:13+00:00\" \/>\n<meta name=\"twitter:card\" content=\"summary_large_image\" \/>\n<meta name=\"twitter:label1\" content=\"Estimated reading time\" \/>\n\t<meta name=\"twitter:data1\" content=\"2 minutes\" \/>\n<script type=\"application\/ld+json\" class=\"yoast-schema-graph\">{\"@context\":\"https:\\\/\\\/schema.org\",\"@graph\":[{\"@type\":\"WebPage\",\"@id\":\"https:\\\/\\\/dumoseguridad.com\\\/ciberseguridad\\\/\",\"url\":\"https:\\\/\\\/dumoseguridad.com\\\/ciberseguridad\\\/\",\"name\":\"Ciberseguridad - DUMO Seguridad\",\"isPartOf\":{\"@id\":\"https:\\\/\\\/dumoseguridad.com\\\/#website\"},\"datePublished\":\"2023-01-09T16:34:43+00:00\",\"dateModified\":\"2023-02-09T16:41:13+00:00\",\"breadcrumb\":{\"@id\":\"https:\\\/\\\/dumoseguridad.com\\\/ciberseguridad\\\/#breadcrumb\"},\"inLanguage\":\"en-GB\",\"potentialAction\":[{\"@type\":\"ReadAction\",\"target\":[\"https:\\\/\\\/dumoseguridad.com\\\/ciberseguridad\\\/\"]}]},{\"@type\":\"BreadcrumbList\",\"@id\":\"https:\\\/\\\/dumoseguridad.com\\\/ciberseguridad\\\/#breadcrumb\",\"itemListElement\":[{\"@type\":\"ListItem\",\"position\":1,\"name\":\"Portada\",\"item\":\"https:\\\/\\\/dumoseguridad.com\\\/\"},{\"@type\":\"ListItem\",\"position\":2,\"name\":\"Ciberseguridad\"}]},{\"@type\":\"WebSite\",\"@id\":\"https:\\\/\\\/dumoseguridad.com\\\/#website\",\"url\":\"https:\\\/\\\/dumoseguridad.com\\\/\",\"name\":\"DUMO Seguridad\",\"description\":\"Sistemas de Seguridad Para Particulares y Empresas\",\"potentialAction\":[{\"@type\":\"SearchAction\",\"target\":{\"@type\":\"EntryPoint\",\"urlTemplate\":\"https:\\\/\\\/dumoseguridad.com\\\/?s={search_term_string}\"},\"query-input\":{\"@type\":\"PropertyValueSpecification\",\"valueRequired\":true,\"valueName\":\"search_term_string\"}}],\"inLanguage\":\"en-GB\"}]}<\/script>\n<!-- \/ Yoast SEO plugin. -->","yoast_head_json":{"title":"Cybersecurity - DUMO Seguridad","robots":{"index":"index","follow":"follow","max-snippet":"max-snippet:-1","max-image-preview":"max-image-preview:large","max-video-preview":"max-video-preview:-1"},"canonical":"https:\/\/dumoseguridad.com\/en\/cybersecurity\/","og_locale":"en_GB","og_type":"article","og_title":"Ciberseguridad - DUMO Seguridad","og_description":"Ciberseguridad Badalona DUMO lidera el esfuerzo para mejorar la seguridad, resistencia y fiabilidad de la infraestructura de comunicaciones y ciberseguridad de empresas en Barcelona. Hacking \u00e9tico para empresas Badalona Auditor\u00eda de ciberseguridad o Pentest de\u00a0hacking\u00a0\u00e9tico externo con el objetivo de detectar fallas en los equipos del cliente, o informaci\u00f3n expuesta en internet que pueda afectar [&hellip;]","og_url":"https:\/\/dumoseguridad.com\/en\/cybersecurity\/","og_site_name":"DUMO Seguridad","article_modified_time":"2023-02-09T16:41:13+00:00","twitter_card":"summary_large_image","twitter_misc":{"Estimated reading time":"2 minutes"},"schema":{"@context":"https:\/\/schema.org","@graph":[{"@type":"WebPage","@id":"https:\/\/dumoseguridad.com\/ciberseguridad\/","url":"https:\/\/dumoseguridad.com\/ciberseguridad\/","name":"Cybersecurity - DUMO Seguridad","isPartOf":{"@id":"https:\/\/dumoseguridad.com\/#website"},"datePublished":"2023-01-09T16:34:43+00:00","dateModified":"2023-02-09T16:41:13+00:00","breadcrumb":{"@id":"https:\/\/dumoseguridad.com\/ciberseguridad\/#breadcrumb"},"inLanguage":"en-GB","potentialAction":[{"@type":"ReadAction","target":["https:\/\/dumoseguridad.com\/ciberseguridad\/"]}]},{"@type":"BreadcrumbList","@id":"https:\/\/dumoseguridad.com\/ciberseguridad\/#breadcrumb","itemListElement":[{"@type":"ListItem","position":1,"name":"Portada","item":"https:\/\/dumoseguridad.com\/"},{"@type":"ListItem","position":2,"name":"Ciberseguridad"}]},{"@type":"WebSite","@id":"https:\/\/dumoseguridad.com\/#website","url":"https:\/\/dumoseguridad.com\/","name":"DUMO Security","description":"Security Systems For Individuals and Businesses","potentialAction":[{"@type":"SearchAction","target":{"@type":"EntryPoint","urlTemplate":"https:\/\/dumoseguridad.com\/?s={search_term_string}"},"query-input":{"@type":"PropertyValueSpecification","valueRequired":true,"valueName":"search_term_string"}}],"inLanguage":"en-GB"}]}},"_links":{"self":[{"href":"https:\/\/dumoseguridad.com\/en\/wp-json\/wp\/v2\/pages\/95","targetHints":{"allow":["GET"]}}],"collection":[{"href":"https:\/\/dumoseguridad.com\/en\/wp-json\/wp\/v2\/pages"}],"about":[{"href":"https:\/\/dumoseguridad.com\/en\/wp-json\/wp\/v2\/types\/page"}],"author":[{"embeddable":true,"href":"https:\/\/dumoseguridad.com\/en\/wp-json\/wp\/v2\/users\/1"}],"replies":[{"embeddable":true,"href":"https:\/\/dumoseguridad.com\/en\/wp-json\/wp\/v2\/comments?post=95"}],"version-history":[{"count":35,"href":"https:\/\/dumoseguridad.com\/en\/wp-json\/wp\/v2\/pages\/95\/revisions"}],"predecessor-version":[{"id":1160,"href":"https:\/\/dumoseguridad.com\/en\/wp-json\/wp\/v2\/pages\/95\/revisions\/1160"}],"wp:attachment":[{"href":"https:\/\/dumoseguridad.com\/en\/wp-json\/wp\/v2\/media?parent=95"}],"curies":[{"name":"wp","href":"https:\/\/api.w.org\/{rel}","templated":true}]}}